{"id":299,"date":"2017-03-15T12:02:52","date_gmt":"2017-03-15T12:02:52","guid":{"rendered":"http:\/\/stressadrenalina.com\/ca\/?page_id=299"},"modified":"2017-03-21T12:28:25","modified_gmt":"2017-03-21T12:28:25","slug":"team-building","status":"publish","type":"page","link":"https:\/\/stressadrenalina.com\/ca\/team-building\/","title":{"rendered":"Team building"},"content":{"rendered":"<p>Treballant estretament amb els nostres clients, podrem identificar els seus objectius i necessitats. Amb aix\u00f2, desenvoluparem el programa de team building m\u00e9s indicat.<\/p>\n<p>Amb la nostra experi\u00e8ncia i imaginaci\u00f3, el ventall de temes per a crear el seu esdeveniment de team building, \u00e9s molt ampli.<\/p>\n<p>Amb els nostres esdeveniments de team building, l&#8217;ajudarem a refor\u00e7ar l&#8217;esperit d&#8217;equip i unitat.<\/p>\n<p>Compta amb nosaltres, organitzem personalment:<\/p>\n<p>Gymkanas a la ciutat<\/p>\n<p>Gymkanas a la platja<\/p>\n<p>Multi-activitats a la platja i a la muntanya.<\/p>\n<p>Trobada del tresor a Montserrat<\/p>\n<p>Des de 50\u20ac per participant pots crear el teu team building particular&#8230;. Fem team buildings personalitzats!<\/p>\n<p>Tot aix\u00f2 a Barcelona ciutat i localitzacions properes.<\/p>\n<p>Demani el nostre cat\u00e0leg en pdf<\/p>\n","protected":false},"excerpt":{"rendered":"<p>Treballant estretament amb els nostres clients, podrem identificar els seus objectius i necessitats. Amb aix\u00f2, desenvoluparem el programa de team building m\u00e9s indicat. Amb la nostra experi\u00e8ncia i imaginaci\u00f3, el ventall de temes per a crear el seu esdeveniment de team building, \u00e9s molt ampli. Amb els nostres esdeveniments de team building, l&#8217;ajudarem a refor\u00e7ar [&hellip;]<\/p>\n","protected":false},"author":2,"featured_media":433,"parent":0,"menu_order":0,"comment_status":"closed","ping_status":"closed","template":"","meta":{"footnotes":""},"class_list":["post-299","page","type-page","status-publish","has-post-thumbnail","hentry"],"yoast_head":"<!-- This site is optimized with the Yoast SEO plugin v27.2 - https:\/\/yoast.com\/product\/yoast-seo-wordpress\/ -->\n<title>Team building - Stress &amp; Adrenalina<\/title>\n<meta name=\"description\" content=\"Treballant estretament amb els nostres clients, podrem identificar els seus objectius i necessitats. Amb aix\u00f2, desenvoluparem el programa de team building\" \/>\n<meta name=\"robots\" content=\"index, follow, max-snippet:-1, max-image-preview:large, max-video-preview:-1\" \/>\n<link rel=\"canonical\" href=\"https:\/\/stressadrenalina.com\/ca\/team-building\/\" \/>\n<meta property=\"og:locale\" content=\"ca_ES\" \/>\n<meta property=\"og:type\" content=\"article\" \/>\n<meta property=\"og:title\" content=\"Team building - Stress &amp; Adrenalina\" \/>\n<meta property=\"og:description\" content=\"Treballant estretament amb els nostres clients, podrem identificar els seus objectius i necessitats. Amb aix\u00f2, desenvoluparem el programa de team building\" \/>\n<meta property=\"og:url\" content=\"https:\/\/stressadrenalina.com\/ca\/team-building\/\" \/>\n<meta property=\"og:site_name\" content=\"Stress &amp; Adrenalina\" \/>\n<meta property=\"article:publisher\" content=\"https:\/\/www.facebook.com\/Stress-Adrenalina-SLU-307778953392\/\" \/>\n<meta property=\"article:modified_time\" content=\"2017-03-21T12:28:25+00:00\" \/>\n<meta property=\"og:image\" content=\"https:\/\/stressadrenalina.com\/wp-content\/uploads\/2017\/03\/DSCN1317.jpg\" \/>\n\t<meta property=\"og:image:width\" content=\"1120\" \/>\n\t<meta property=\"og:image:height\" content=\"500\" \/>\n\t<meta property=\"og:image:type\" content=\"image\/jpeg\" \/>\n<meta name=\"twitter:card\" content=\"summary_large_image\" \/>\n<meta name=\"twitter:label1\" content=\"Temps estimat de lectura\" \/>\n\t<meta name=\"twitter:data1\" content=\"1 minut\" \/>\n<script type=\"application\/ld+json\" class=\"yoast-schema-graph\">{\"@context\":\"https:\/\/schema.org\",\"@graph\":[{\"@type\":\"WebPage\",\"@id\":\"https:\/\/stressadrenalina.com\/ca\/team-building\/\",\"url\":\"https:\/\/stressadrenalina.com\/ca\/team-building\/\",\"name\":\"Team building - Stress & Adrenalina\",\"isPartOf\":{\"@id\":\"https:\/\/stressadrenalina.com\/ca\/#website\"},\"primaryImageOfPage\":{\"@id\":\"https:\/\/stressadrenalina.com\/ca\/team-building\/#primaryimage\"},\"image\":{\"@id\":\"https:\/\/stressadrenalina.com\/ca\/team-building\/#primaryimage\"},\"thumbnailUrl\":\"https:\/\/stressadrenalina.com\/wp-content\/uploads\/2017\/03\/DSCN1317.jpg\",\"datePublished\":\"2017-03-15T12:02:52+00:00\",\"dateModified\":\"2017-03-21T12:28:25+00:00\",\"description\":\"Treballant estretament amb els nostres clients, podrem identificar els seus objectius i necessitats. Amb aix\u00f2, desenvoluparem el programa de team building\",\"breadcrumb\":{\"@id\":\"https:\/\/stressadrenalina.com\/ca\/team-building\/#breadcrumb\"},\"inLanguage\":\"ca\",\"potentialAction\":[{\"@type\":\"ReadAction\",\"target\":[\"https:\/\/stressadrenalina.com\/ca\/team-building\/\"]}]},{\"@type\":\"ImageObject\",\"inLanguage\":\"ca\",\"@id\":\"https:\/\/stressadrenalina.com\/ca\/team-building\/#primaryimage\",\"url\":\"https:\/\/stressadrenalina.com\/wp-content\/uploads\/2017\/03\/DSCN1317.jpg\",\"contentUrl\":\"https:\/\/stressadrenalina.com\/wp-content\/uploads\/2017\/03\/DSCN1317.jpg\",\"width\":1120,\"height\":500},{\"@type\":\"BreadcrumbList\",\"@id\":\"https:\/\/stressadrenalina.com\/ca\/team-building\/#breadcrumb\",\"itemListElement\":[{\"@type\":\"ListItem\",\"position\":1,\"name\":\"Portada\",\"item\":\"https:\/\/stressadrenalina.com\/ca\/\"},{\"@type\":\"ListItem\",\"position\":2,\"name\":\"Team building\"}]},{\"@type\":\"WebSite\",\"@id\":\"https:\/\/stressadrenalina.com\/ca\/#website\",\"url\":\"https:\/\/stressadrenalina.com\/ca\/\",\"name\":\"Stress & Adrenalina\",\"description\":\"Outdoor Experiences\",\"potentialAction\":[{\"@type\":\"SearchAction\",\"target\":{\"@type\":\"EntryPoint\",\"urlTemplate\":\"https:\/\/stressadrenalina.com\/ca\/?s={search_term_string}\"},\"query-input\":{\"@type\":\"PropertyValueSpecification\",\"valueRequired\":true,\"valueName\":\"search_term_string\"}}],\"inLanguage\":\"ca\"}]}<\/script>\n<!-- \/ Yoast SEO plugin. -->","yoast_head_json":{"title":"Team building - Stress & Adrenalina","description":"Treballant estretament amb els nostres clients, podrem identificar els seus objectius i necessitats. Amb aix\u00f2, desenvoluparem el programa de team building","robots":{"index":"index","follow":"follow","max-snippet":"max-snippet:-1","max-image-preview":"max-image-preview:large","max-video-preview":"max-video-preview:-1"},"canonical":"https:\/\/stressadrenalina.com\/ca\/team-building\/","og_locale":"ca_ES","og_type":"article","og_title":"Team building - Stress & Adrenalina","og_description":"Treballant estretament amb els nostres clients, podrem identificar els seus objectius i necessitats. Amb aix\u00f2, desenvoluparem el programa de team building","og_url":"https:\/\/stressadrenalina.com\/ca\/team-building\/","og_site_name":"Stress & Adrenalina","article_publisher":"https:\/\/www.facebook.com\/Stress-Adrenalina-SLU-307778953392\/","article_modified_time":"2017-03-21T12:28:25+00:00","og_image":[{"width":1120,"height":500,"url":"https:\/\/stressadrenalina.com\/wp-content\/uploads\/2017\/03\/DSCN1317.jpg","type":"image\/jpeg"}],"twitter_card":"summary_large_image","twitter_misc":{"Temps estimat de lectura":"1 minut"},"schema":{"@context":"https:\/\/schema.org","@graph":[{"@type":"WebPage","@id":"https:\/\/stressadrenalina.com\/ca\/team-building\/","url":"https:\/\/stressadrenalina.com\/ca\/team-building\/","name":"Team building - Stress & Adrenalina","isPartOf":{"@id":"https:\/\/stressadrenalina.com\/ca\/#website"},"primaryImageOfPage":{"@id":"https:\/\/stressadrenalina.com\/ca\/team-building\/#primaryimage"},"image":{"@id":"https:\/\/stressadrenalina.com\/ca\/team-building\/#primaryimage"},"thumbnailUrl":"https:\/\/stressadrenalina.com\/wp-content\/uploads\/2017\/03\/DSCN1317.jpg","datePublished":"2017-03-15T12:02:52+00:00","dateModified":"2017-03-21T12:28:25+00:00","description":"Treballant estretament amb els nostres clients, podrem identificar els seus objectius i necessitats. Amb aix\u00f2, desenvoluparem el programa de team building","breadcrumb":{"@id":"https:\/\/stressadrenalina.com\/ca\/team-building\/#breadcrumb"},"inLanguage":"ca","potentialAction":[{"@type":"ReadAction","target":["https:\/\/stressadrenalina.com\/ca\/team-building\/"]}]},{"@type":"ImageObject","inLanguage":"ca","@id":"https:\/\/stressadrenalina.com\/ca\/team-building\/#primaryimage","url":"https:\/\/stressadrenalina.com\/wp-content\/uploads\/2017\/03\/DSCN1317.jpg","contentUrl":"https:\/\/stressadrenalina.com\/wp-content\/uploads\/2017\/03\/DSCN1317.jpg","width":1120,"height":500},{"@type":"BreadcrumbList","@id":"https:\/\/stressadrenalina.com\/ca\/team-building\/#breadcrumb","itemListElement":[{"@type":"ListItem","position":1,"name":"Portada","item":"https:\/\/stressadrenalina.com\/ca\/"},{"@type":"ListItem","position":2,"name":"Team building"}]},{"@type":"WebSite","@id":"https:\/\/stressadrenalina.com\/ca\/#website","url":"https:\/\/stressadrenalina.com\/ca\/","name":"Stress & Adrenalina","description":"Outdoor Experiences","potentialAction":[{"@type":"SearchAction","target":{"@type":"EntryPoint","urlTemplate":"https:\/\/stressadrenalina.com\/ca\/?s={search_term_string}"},"query-input":{"@type":"PropertyValueSpecification","valueRequired":true,"valueName":"search_term_string"}}],"inLanguage":"ca"}]}},"_links":{"self":[{"href":"https:\/\/stressadrenalina.com\/ca\/wp-json\/wp\/v2\/pages\/299","targetHints":{"allow":["GET"]}}],"collection":[{"href":"https:\/\/stressadrenalina.com\/ca\/wp-json\/wp\/v2\/pages"}],"about":[{"href":"https:\/\/stressadrenalina.com\/ca\/wp-json\/wp\/v2\/types\/page"}],"author":[{"embeddable":true,"href":"https:\/\/stressadrenalina.com\/ca\/wp-json\/wp\/v2\/users\/2"}],"replies":[{"embeddable":true,"href":"https:\/\/stressadrenalina.com\/ca\/wp-json\/wp\/v2\/comments?post=299"}],"version-history":[{"count":2,"href":"https:\/\/stressadrenalina.com\/ca\/wp-json\/wp\/v2\/pages\/299\/revisions"}],"predecessor-version":[{"id":301,"href":"https:\/\/stressadrenalina.com\/ca\/wp-json\/wp\/v2\/pages\/299\/revisions\/301"}],"wp:featuredmedia":[{"embeddable":true,"href":"https:\/\/stressadrenalina.com\/ca\/wp-json\/wp\/v2\/media\/433"}],"wp:attachment":[{"href":"https:\/\/stressadrenalina.com\/ca\/wp-json\/wp\/v2\/media?parent=299"}],"curies":[{"name":"wp","href":"https:\/\/api.w.org\/{rel}","templated":true}]}}