{"id":309,"date":"2017-03-15T12:06:53","date_gmt":"2017-03-15T12:06:53","guid":{"rendered":"http:\/\/stressadrenalina.com\/ca\/?page_id=309"},"modified":"2020-09-23T09:10:46","modified_gmt":"2020-09-23T09:10:46","slug":"events-dautomocio","status":"publish","type":"page","link":"https:\/\/stressadrenalina.com\/ca\/events-dautomocio\/","title":{"rendered":"Events d\u00b4automoci\u00f3"},"content":{"rendered":"<p>Disposem de l\u2019experi\u00e8ncia i coneixement per organitzar una presentaci\u00f3 de premsa.<\/p>\n<p>Trobem el lloc, recomanem l\u2019activitat, constru\u00efm el programa i cuidem fins l\u2019\u00faltim detall perqu\u00e8 el seu producte es doni a con\u00e8ixer de la millor manera. Escoltarem el seu briefing i tornarem amb idees noves , fresques i sorprenents.<\/p>\n","protected":false},"excerpt":{"rendered":"<p>Disposem de l\u2019experi\u00e8ncia i coneixement per organitzar una presentaci\u00f3 de premsa. Trobem el lloc, recomanem l\u2019activitat, constru\u00efm el programa i cuidem fins l\u2019\u00faltim detall perqu\u00e8 el seu producte es doni a con\u00e8ixer de la millor manera. Escoltarem el seu briefing i tornarem amb idees noves , fresques i sorprenents.<\/p>\n","protected":false},"author":2,"featured_media":457,"parent":0,"menu_order":0,"comment_status":"closed","ping_status":"closed","template":"page-eventos-automocion.php","meta":{"footnotes":""},"class_list":["post-309","page","type-page","status-publish","has-post-thumbnail","hentry"],"yoast_head":"<!-- This site is optimized with the Yoast SEO plugin v27.4 - https:\/\/yoast.com\/product\/yoast-seo-wordpress\/ -->\n<title>Events d\u00b4automoci\u00f3 - Stress &amp; Adrenalina<\/title>\n<meta name=\"description\" content=\"Disposem de l\u2019experi\u00e8ncia i coneixement per organitzar una presentaci\u00f3 de premsa. Trobem el lloc, recomanem l\u2019activitat, constru\u00efm el programa i cuidem\" \/>\n<meta name=\"robots\" content=\"index, follow, max-snippet:-1, max-image-preview:large, max-video-preview:-1\" \/>\n<link rel=\"canonical\" href=\"https:\/\/stressadrenalina.com\/ca\/events-dautomocio\/\" \/>\n<meta property=\"og:locale\" content=\"ca_ES\" \/>\n<meta property=\"og:type\" content=\"article\" \/>\n<meta property=\"og:title\" content=\"Events d\u00b4automoci\u00f3 - Stress &amp; Adrenalina\" \/>\n<meta property=\"og:description\" content=\"Disposem de l\u2019experi\u00e8ncia i coneixement per organitzar una presentaci\u00f3 de premsa. Trobem el lloc, recomanem l\u2019activitat, constru\u00efm el programa i cuidem\" \/>\n<meta property=\"og:url\" content=\"https:\/\/stressadrenalina.com\/ca\/events-dautomocio\/\" \/>\n<meta property=\"og:site_name\" content=\"Stress &amp; Adrenalina\" \/>\n<meta property=\"article:publisher\" content=\"https:\/\/www.facebook.com\/Stress-Adrenalina-SLU-307778953392\/\" \/>\n<meta property=\"article:modified_time\" content=\"2020-09-23T09:10:46+00:00\" \/>\n<meta property=\"og:image\" content=\"https:\/\/stressadrenalina.com\/wp-content\/uploads\/2017\/03\/eventos.jpg\" \/>\n\t<meta property=\"og:image:width\" content=\"1120\" \/>\n\t<meta property=\"og:image:height\" content=\"399\" \/>\n\t<meta property=\"og:image:type\" content=\"image\/jpeg\" \/>\n<meta name=\"twitter:card\" content=\"summary_large_image\" \/>\n<script type=\"application\/ld+json\" class=\"yoast-schema-graph\">{\"@context\":\"https:\\\/\\\/schema.org\",\"@graph\":[{\"@type\":\"WebPage\",\"@id\":\"https:\\\/\\\/stressadrenalina.com\\\/ca\\\/events-dautomocio\\\/\",\"url\":\"https:\\\/\\\/stressadrenalina.com\\\/ca\\\/events-dautomocio\\\/\",\"name\":\"Events d\u00b4automoci\u00f3 - Stress & Adrenalina\",\"isPartOf\":{\"@id\":\"https:\\\/\\\/stressadrenalina.com\\\/ca\\\/#website\"},\"primaryImageOfPage\":{\"@id\":\"https:\\\/\\\/stressadrenalina.com\\\/ca\\\/events-dautomocio\\\/#primaryimage\"},\"image\":{\"@id\":\"https:\\\/\\\/stressadrenalina.com\\\/ca\\\/events-dautomocio\\\/#primaryimage\"},\"thumbnailUrl\":\"https:\\\/\\\/stressadrenalina.com\\\/wp-content\\\/uploads\\\/2017\\\/03\\\/eventos.jpg\",\"datePublished\":\"2017-03-15T12:06:53+00:00\",\"dateModified\":\"2020-09-23T09:10:46+00:00\",\"description\":\"Disposem de l\u2019experi\u00e8ncia i coneixement per organitzar una presentaci\u00f3 de premsa. Trobem el lloc, recomanem l\u2019activitat, constru\u00efm el programa i cuidem\",\"breadcrumb\":{\"@id\":\"https:\\\/\\\/stressadrenalina.com\\\/ca\\\/events-dautomocio\\\/#breadcrumb\"},\"inLanguage\":\"ca\",\"potentialAction\":[{\"@type\":\"ReadAction\",\"target\":[\"https:\\\/\\\/stressadrenalina.com\\\/ca\\\/events-dautomocio\\\/\"]}]},{\"@type\":\"ImageObject\",\"inLanguage\":\"ca\",\"@id\":\"https:\\\/\\\/stressadrenalina.com\\\/ca\\\/events-dautomocio\\\/#primaryimage\",\"url\":\"https:\\\/\\\/stressadrenalina.com\\\/wp-content\\\/uploads\\\/2017\\\/03\\\/eventos.jpg\",\"contentUrl\":\"https:\\\/\\\/stressadrenalina.com\\\/wp-content\\\/uploads\\\/2017\\\/03\\\/eventos.jpg\",\"width\":1120,\"height\":399},{\"@type\":\"BreadcrumbList\",\"@id\":\"https:\\\/\\\/stressadrenalina.com\\\/ca\\\/events-dautomocio\\\/#breadcrumb\",\"itemListElement\":[{\"@type\":\"ListItem\",\"position\":1,\"name\":\"Portada\",\"item\":\"https:\\\/\\\/stressadrenalina.com\\\/ca\\\/\"},{\"@type\":\"ListItem\",\"position\":2,\"name\":\"Events d\u00b4automoci\u00f3\"}]},{\"@type\":\"WebSite\",\"@id\":\"https:\\\/\\\/stressadrenalina.com\\\/ca\\\/#website\",\"url\":\"https:\\\/\\\/stressadrenalina.com\\\/ca\\\/\",\"name\":\"Stress & Adrenalina\",\"description\":\"Outdoor Experiences\",\"potentialAction\":[{\"@type\":\"SearchAction\",\"target\":{\"@type\":\"EntryPoint\",\"urlTemplate\":\"https:\\\/\\\/stressadrenalina.com\\\/ca\\\/?s={search_term_string}\"},\"query-input\":{\"@type\":\"PropertyValueSpecification\",\"valueRequired\":true,\"valueName\":\"search_term_string\"}}],\"inLanguage\":\"ca\"}]}<\/script>\n<!-- \/ Yoast SEO plugin. -->","yoast_head_json":{"title":"Events d\u00b4automoci\u00f3 - Stress & Adrenalina","description":"Disposem de l\u2019experi\u00e8ncia i coneixement per organitzar una presentaci\u00f3 de premsa. Trobem el lloc, recomanem l\u2019activitat, constru\u00efm el programa i cuidem","robots":{"index":"index","follow":"follow","max-snippet":"max-snippet:-1","max-image-preview":"max-image-preview:large","max-video-preview":"max-video-preview:-1"},"canonical":"https:\/\/stressadrenalina.com\/ca\/events-dautomocio\/","og_locale":"ca_ES","og_type":"article","og_title":"Events d\u00b4automoci\u00f3 - Stress & Adrenalina","og_description":"Disposem de l\u2019experi\u00e8ncia i coneixement per organitzar una presentaci\u00f3 de premsa. Trobem el lloc, recomanem l\u2019activitat, constru\u00efm el programa i cuidem","og_url":"https:\/\/stressadrenalina.com\/ca\/events-dautomocio\/","og_site_name":"Stress & Adrenalina","article_publisher":"https:\/\/www.facebook.com\/Stress-Adrenalina-SLU-307778953392\/","article_modified_time":"2020-09-23T09:10:46+00:00","og_image":[{"width":1120,"height":399,"url":"https:\/\/stressadrenalina.com\/wp-content\/uploads\/2017\/03\/eventos.jpg","type":"image\/jpeg"}],"twitter_card":"summary_large_image","schema":{"@context":"https:\/\/schema.org","@graph":[{"@type":"WebPage","@id":"https:\/\/stressadrenalina.com\/ca\/events-dautomocio\/","url":"https:\/\/stressadrenalina.com\/ca\/events-dautomocio\/","name":"Events d\u00b4automoci\u00f3 - Stress & Adrenalina","isPartOf":{"@id":"https:\/\/stressadrenalina.com\/ca\/#website"},"primaryImageOfPage":{"@id":"https:\/\/stressadrenalina.com\/ca\/events-dautomocio\/#primaryimage"},"image":{"@id":"https:\/\/stressadrenalina.com\/ca\/events-dautomocio\/#primaryimage"},"thumbnailUrl":"https:\/\/stressadrenalina.com\/wp-content\/uploads\/2017\/03\/eventos.jpg","datePublished":"2017-03-15T12:06:53+00:00","dateModified":"2020-09-23T09:10:46+00:00","description":"Disposem de l\u2019experi\u00e8ncia i coneixement per organitzar una presentaci\u00f3 de premsa. Trobem el lloc, recomanem l\u2019activitat, constru\u00efm el programa i cuidem","breadcrumb":{"@id":"https:\/\/stressadrenalina.com\/ca\/events-dautomocio\/#breadcrumb"},"inLanguage":"ca","potentialAction":[{"@type":"ReadAction","target":["https:\/\/stressadrenalina.com\/ca\/events-dautomocio\/"]}]},{"@type":"ImageObject","inLanguage":"ca","@id":"https:\/\/stressadrenalina.com\/ca\/events-dautomocio\/#primaryimage","url":"https:\/\/stressadrenalina.com\/wp-content\/uploads\/2017\/03\/eventos.jpg","contentUrl":"https:\/\/stressadrenalina.com\/wp-content\/uploads\/2017\/03\/eventos.jpg","width":1120,"height":399},{"@type":"BreadcrumbList","@id":"https:\/\/stressadrenalina.com\/ca\/events-dautomocio\/#breadcrumb","itemListElement":[{"@type":"ListItem","position":1,"name":"Portada","item":"https:\/\/stressadrenalina.com\/ca\/"},{"@type":"ListItem","position":2,"name":"Events d\u00b4automoci\u00f3"}]},{"@type":"WebSite","@id":"https:\/\/stressadrenalina.com\/ca\/#website","url":"https:\/\/stressadrenalina.com\/ca\/","name":"Stress & Adrenalina","description":"Outdoor Experiences","potentialAction":[{"@type":"SearchAction","target":{"@type":"EntryPoint","urlTemplate":"https:\/\/stressadrenalina.com\/ca\/?s={search_term_string}"},"query-input":{"@type":"PropertyValueSpecification","valueRequired":true,"valueName":"search_term_string"}}],"inLanguage":"ca"}]}},"_links":{"self":[{"href":"https:\/\/stressadrenalina.com\/ca\/wp-json\/wp\/v2\/pages\/309","targetHints":{"allow":["GET"]}}],"collection":[{"href":"https:\/\/stressadrenalina.com\/ca\/wp-json\/wp\/v2\/pages"}],"about":[{"href":"https:\/\/stressadrenalina.com\/ca\/wp-json\/wp\/v2\/types\/page"}],"author":[{"embeddable":true,"href":"https:\/\/stressadrenalina.com\/ca\/wp-json\/wp\/v2\/users\/2"}],"replies":[{"embeddable":true,"href":"https:\/\/stressadrenalina.com\/ca\/wp-json\/wp\/v2\/comments?post=309"}],"version-history":[{"count":1,"href":"https:\/\/stressadrenalina.com\/ca\/wp-json\/wp\/v2\/pages\/309\/revisions"}],"predecessor-version":[{"id":310,"href":"https:\/\/stressadrenalina.com\/ca\/wp-json\/wp\/v2\/pages\/309\/revisions\/310"}],"wp:featuredmedia":[{"embeddable":true,"href":"https:\/\/stressadrenalina.com\/ca\/wp-json\/wp\/v2\/media\/457"}],"wp:attachment":[{"href":"https:\/\/stressadrenalina.com\/ca\/wp-json\/wp\/v2\/media?parent=309"}],"curies":[{"name":"wp","href":"https:\/\/api.w.org\/{rel}","templated":true}]}}