{"id":323,"date":"2017-03-15T12:21:03","date_gmt":"2017-03-15T12:21:03","guid":{"rendered":"http:\/\/stressadrenalina.com\/ca\/?page_id=323"},"modified":"2021-09-16T11:50:47","modified_gmt":"2021-09-16T09:50:47","slug":"carles-celma","status":"publish","type":"page","link":"https:\/\/stressadrenalina.com\/ca\/conocenos\/carles-celma\/","title":{"rendered":"Carles Celma"},"content":{"rendered":"<p><img decoding=\"async\" class=\"alignleft size-medium wp-image-448\" src=\"http:\/\/stressadrenalina.com\/wp-content\/uploads\/2017\/03\/Selma-006098-200x300.jpg\" alt=\"\" width=\"200\" height=\"300\" srcset=\"https:\/\/stressadrenalina.com\/wp-content\/uploads\/2017\/03\/Selma-006098-200x300.jpg 200w, https:\/\/stressadrenalina.com\/wp-content\/uploads\/2017\/03\/Selma-006098-13x20.jpg 13w, https:\/\/stressadrenalina.com\/wp-content\/uploads\/2017\/03\/Selma-006098.jpg 600w\" sizes=\"(max-width: 200px) 100vw, 200px\" \/>Hola a tots,<\/p>\n<p>S\u00f3c Carles\u00a0<span class=\"hiddenSpellError\">Celma<\/span>\u00a0i us vull explicar una mica de la meva hist\u00f2ria en les seg\u00fcents l\u00ednies.<\/p>\n<p>La meva afici\u00f3 pels cotxes i les motos \u00e9s hereditari, encara que no vaig comen\u00e7ar a conduir fins als catorze anys.<\/p>\n<p>Durant els meus estudis de Formaci\u00f3 Professional de Mec\u00e0nica i Automoci\u00f3 a Els Salesians, em van oferir en diverses ocasions de quedar-me com a professor. Aix\u00f2 va passar ja en els primers cursos i no ho vaig entendre, ells van veure en mi unes virtuts i vocaci\u00f3 per l&#8217;ensenyament.<br \/>\nM\u00e9s endavant vaig adquirir el Diploma en Ci\u00e8ncies Empresarials en la Universitat de Barcelona, sempre havia tingut ganes de muntar un negoci i aquesta carrera t&#8217;ajuda a entendre una mica m\u00e9s certes coses.<\/p>\n<p>Em fa sentir vital el contacte amb la naturalesa i conduir, m&#8217;encanta descobrir paisatges nous, m&#8217;encanta enfilar-me a les muntanyes m\u00e9s altes per a gaudir de les vistes, m&#8217;encanta sentir la mar, m&#8217;encanta perdre&#8217;m.<br \/>\nUna virtut que vaig descobrir amb el temps \u00e9s que, suposo que per vocaci\u00f3, m&#8217;omple molt fer a la gent feli\u00e7 i \u00e9s un dels grans objectius i una de les grans recompenses del meu treball.<\/p>\n<p>Estic conven\u00e7ut que tinc la sort de viure en uns dels millors llocs del m\u00f3n, per clima, gastronomia, seguretat i diversitat de paisatge. Sempre que puc, em llan\u00e7o a descobrir nous racons i sempre em sorprenc.<\/p>\n<p><span class=\"hiddenSpellError\">\u00bb\u00bbStress<\/span>\u00a0&amp; Adrenalina<\/p>\n<p>Tot aix\u00f2 junt, amb l&#8217;esperit emprenedor, em van portar a fundar\u00a0<span class=\"hiddenSpellError\">Stress<\/span>\u00a0&amp; Adrenalina l&#8217;any 2000, no tenia experi\u00e8ncia en el sector, no tenia experi\u00e8ncia en direcci\u00f3 d&#8217;empreses, no tenia diners ni tan sols per a adquirir un tel\u00e8fon, per\u00f2 tenia molta il\u00b7lusi\u00f3 i ganes de treballar.<br \/>\nDes del principi vaig tenir la sort de treballar amb grans professionals i marques\u00a0<span class=\"hiddenSpellError\">premium<\/span>\u00a0d&#8217;autom\u00f2bils, t&#8217;exigeixen i ensenyen a treballar i em van fer descobrir en mi mateix les habilitats de conduir.<\/p>\n<p>Aproximadament en 2003, vaig participar en el meu primer esdeveniment com a responsable de l&#8217;escola de conducci\u00f3 de Porsche\u00a0<span class=\"hiddenSpellError\">Espa\u00f1a<\/span>\u00a0i, en 2007, Porsche em va proposar competir amb ells. En 2007 i 2008 vaig ser pilot de f\u00e0brica per a Porsche.<br \/>\nRecord en la meva primera carrera, enmig de Sib\u00e8ria, em van dir que moltes persones confiaven que podia guanyar, gran sorpresa per a mi, estava en la meva primera carrera, envoltat de pilots mundialistes i noms emblem\u00e0tics de tots els continents &#8230;, era molt especial. Vaig guanyar el primer dia per\u00f2 no vaig guanyar la carrera per motius varis, encara que sempre est\u00e0vem amb els de davant.<\/p>\n<p>Sumant tot aix\u00f2 neix el plantejament de\u00a0<span class=\"hiddenSpellError\">Stress<\/span>\u00a0&amp; Adrenalina, una empresa d&#8217;organitzaci\u00f3 d&#8217;esdeveniments\u00a0<span class=\"hiddenSpellError\">outdoor<\/span>,\u00a0<span class=\"hiddenSpellError\">team<\/span>\u00a0<span class=\"hiddenSpellError\">building<\/span>, motivaci\u00f3, formaci\u00f3 i\u00a0<span class=\"hiddenSpellError\">tours<\/span>\u00a0per a descobrir la riquesa natural i diversitat de Catalunya.<br \/>\nLa serietat, honradesa, el comprom\u00eds i fer sempre el que prometem \u00e9s important.<\/p>\n<p>El millor premi al nostre treball \u00e9s el somriure dels nostres clients.<\/p>\n<p>NOU PROJECTE:\u00a0<a href=\"https:\/\/stressadrenalina.com\/experiencia\/viajes-off-road\/\">https:\/\/stressadrenalina.com\/experiencia\/viajes-off-road\/<\/a><\/p>\n","protected":false},"excerpt":{"rendered":"<p>Hola a tots, S\u00f3c Carles\u00a0Celma\u00a0i us vull explicar una mica de la meva hist\u00f2ria en les seg\u00fcents l\u00ednies. La meva afici\u00f3 pels cotxes i les motos \u00e9s hereditari, encara que no vaig comen\u00e7ar a conduir fins als catorze anys. Durant els meus estudis de Formaci\u00f3 Professional de Mec\u00e0nica i Automoci\u00f3 a Els Salesians, em van [&hellip;]<\/p>\n","protected":false},"author":2,"featured_media":0,"parent":317,"menu_order":0,"comment_status":"closed","ping_status":"closed","template":"","meta":{"footnotes":""},"class_list":["post-323","page","type-page","status-publish","hentry"],"yoast_head":"<!-- This site is optimized with the Yoast SEO plugin v27.3 - https:\/\/yoast.com\/product\/yoast-seo-wordpress\/ -->\n<title>Carles Celma - Stress &amp; Adrenalina<\/title>\n<meta name=\"description\" content=\"Soy Carles Celma, y dirigo desde hace mas de 20 a\u00f1os Stress &amp; Adrenalina Puedes contactar conmigo: ccelma@stressadrenalina.com +34 619413175\" \/>\n<meta name=\"robots\" content=\"index, follow, max-snippet:-1, max-image-preview:large, max-video-preview:-1\" \/>\n<link rel=\"canonical\" href=\"https:\/\/stressadrenalina.com\/ca\/conocenos\/carles-celma\/\" \/>\n<meta property=\"og:locale\" content=\"ca_ES\" \/>\n<meta property=\"og:type\" content=\"article\" \/>\n<meta property=\"og:title\" content=\"Carles Celma - Stress &amp; Adrenalina\" \/>\n<meta property=\"og:description\" content=\"Soy Carles Celma, y dirigo desde hace mas de 20 a\u00f1os Stress &amp; Adrenalina Puedes contactar conmigo: ccelma@stressadrenalina.com +34 619413175\" \/>\n<meta property=\"og:url\" content=\"https:\/\/stressadrenalina.com\/ca\/conocenos\/carles-celma\/\" \/>\n<meta property=\"og:site_name\" content=\"Stress &amp; Adrenalina\" \/>\n<meta property=\"article:publisher\" content=\"https:\/\/www.facebook.com\/Stress-Adrenalina-SLU-307778953392\/\" \/>\n<meta property=\"article:modified_time\" content=\"2021-09-16T09:50:47+00:00\" \/>\n<meta property=\"og:image\" content=\"http:\/\/stressadrenalina.com\/wp-content\/uploads\/2017\/03\/Selma-006098-200x300.jpg\" \/>\n<meta name=\"twitter:card\" content=\"summary_large_image\" \/>\n<meta name=\"twitter:label1\" content=\"Temps estimat de lectura\" \/>\n\t<meta name=\"twitter:data1\" content=\"3 minuts\" \/>\n<script type=\"application\/ld+json\" class=\"yoast-schema-graph\">{\"@context\":\"https:\\\/\\\/schema.org\",\"@graph\":[{\"@type\":\"WebPage\",\"@id\":\"https:\\\/\\\/stressadrenalina.com\\\/ca\\\/conocenos\\\/carles-celma\\\/\",\"url\":\"https:\\\/\\\/stressadrenalina.com\\\/ca\\\/conocenos\\\/carles-celma\\\/\",\"name\":\"Carles Celma - Stress & Adrenalina\",\"isPartOf\":{\"@id\":\"https:\\\/\\\/stressadrenalina.com\\\/ca\\\/#website\"},\"primaryImageOfPage\":{\"@id\":\"https:\\\/\\\/stressadrenalina.com\\\/ca\\\/conocenos\\\/carles-celma\\\/#primaryimage\"},\"image\":{\"@id\":\"https:\\\/\\\/stressadrenalina.com\\\/ca\\\/conocenos\\\/carles-celma\\\/#primaryimage\"},\"thumbnailUrl\":\"http:\\\/\\\/stressadrenalina.com\\\/wp-content\\\/uploads\\\/2017\\\/03\\\/Selma-006098-200x300.jpg\",\"datePublished\":\"2017-03-15T12:21:03+00:00\",\"dateModified\":\"2021-09-16T09:50:47+00:00\",\"description\":\"Soy Carles Celma, y dirigo desde hace mas de 20 a\u00f1os Stress & Adrenalina Puedes contactar conmigo: ccelma@stressadrenalina.com +34 619413175\",\"breadcrumb\":{\"@id\":\"https:\\\/\\\/stressadrenalina.com\\\/ca\\\/conocenos\\\/carles-celma\\\/#breadcrumb\"},\"inLanguage\":\"ca\",\"potentialAction\":[{\"@type\":\"ReadAction\",\"target\":[\"https:\\\/\\\/stressadrenalina.com\\\/ca\\\/conocenos\\\/carles-celma\\\/\"]}]},{\"@type\":\"ImageObject\",\"inLanguage\":\"ca\",\"@id\":\"https:\\\/\\\/stressadrenalina.com\\\/ca\\\/conocenos\\\/carles-celma\\\/#primaryimage\",\"url\":\"http:\\\/\\\/stressadrenalina.com\\\/wp-content\\\/uploads\\\/2017\\\/03\\\/Selma-006098-200x300.jpg\",\"contentUrl\":\"http:\\\/\\\/stressadrenalina.com\\\/wp-content\\\/uploads\\\/2017\\\/03\\\/Selma-006098-200x300.jpg\"},{\"@type\":\"BreadcrumbList\",\"@id\":\"https:\\\/\\\/stressadrenalina.com\\\/ca\\\/conocenos\\\/carles-celma\\\/#breadcrumb\",\"itemListElement\":[{\"@type\":\"ListItem\",\"position\":1,\"name\":\"Portada\",\"item\":\"https:\\\/\\\/stressadrenalina.com\\\/ca\\\/\"},{\"@type\":\"ListItem\",\"position\":2,\"name\":\"Qui som?\",\"item\":\"https:\\\/\\\/stressadrenalina.com\\\/ca\\\/conocenos\\\/\"},{\"@type\":\"ListItem\",\"position\":3,\"name\":\"Carles Celma\"}]},{\"@type\":\"WebSite\",\"@id\":\"https:\\\/\\\/stressadrenalina.com\\\/ca\\\/#website\",\"url\":\"https:\\\/\\\/stressadrenalina.com\\\/ca\\\/\",\"name\":\"Stress & Adrenalina\",\"description\":\"Outdoor Experiences\",\"potentialAction\":[{\"@type\":\"SearchAction\",\"target\":{\"@type\":\"EntryPoint\",\"urlTemplate\":\"https:\\\/\\\/stressadrenalina.com\\\/ca\\\/?s={search_term_string}\"},\"query-input\":{\"@type\":\"PropertyValueSpecification\",\"valueRequired\":true,\"valueName\":\"search_term_string\"}}],\"inLanguage\":\"ca\"}]}<\/script>\n<!-- \/ Yoast SEO plugin. -->","yoast_head_json":{"title":"Carles Celma - Stress & Adrenalina","description":"Soy Carles Celma, y dirigo desde hace mas de 20 a\u00f1os Stress & Adrenalina Puedes contactar conmigo: ccelma@stressadrenalina.com +34 619413175","robots":{"index":"index","follow":"follow","max-snippet":"max-snippet:-1","max-image-preview":"max-image-preview:large","max-video-preview":"max-video-preview:-1"},"canonical":"https:\/\/stressadrenalina.com\/ca\/conocenos\/carles-celma\/","og_locale":"ca_ES","og_type":"article","og_title":"Carles Celma - Stress & Adrenalina","og_description":"Soy Carles Celma, y dirigo desde hace mas de 20 a\u00f1os Stress & Adrenalina Puedes contactar conmigo: ccelma@stressadrenalina.com +34 619413175","og_url":"https:\/\/stressadrenalina.com\/ca\/conocenos\/carles-celma\/","og_site_name":"Stress & Adrenalina","article_publisher":"https:\/\/www.facebook.com\/Stress-Adrenalina-SLU-307778953392\/","article_modified_time":"2021-09-16T09:50:47+00:00","og_image":[{"url":"http:\/\/stressadrenalina.com\/wp-content\/uploads\/2017\/03\/Selma-006098-200x300.jpg","type":"","width":"","height":""}],"twitter_card":"summary_large_image","twitter_misc":{"Temps estimat de lectura":"3 minuts"},"schema":{"@context":"https:\/\/schema.org","@graph":[{"@type":"WebPage","@id":"https:\/\/stressadrenalina.com\/ca\/conocenos\/carles-celma\/","url":"https:\/\/stressadrenalina.com\/ca\/conocenos\/carles-celma\/","name":"Carles Celma - Stress & Adrenalina","isPartOf":{"@id":"https:\/\/stressadrenalina.com\/ca\/#website"},"primaryImageOfPage":{"@id":"https:\/\/stressadrenalina.com\/ca\/conocenos\/carles-celma\/#primaryimage"},"image":{"@id":"https:\/\/stressadrenalina.com\/ca\/conocenos\/carles-celma\/#primaryimage"},"thumbnailUrl":"http:\/\/stressadrenalina.com\/wp-content\/uploads\/2017\/03\/Selma-006098-200x300.jpg","datePublished":"2017-03-15T12:21:03+00:00","dateModified":"2021-09-16T09:50:47+00:00","description":"Soy Carles Celma, y dirigo desde hace mas de 20 a\u00f1os Stress & Adrenalina Puedes contactar conmigo: ccelma@stressadrenalina.com +34 619413175","breadcrumb":{"@id":"https:\/\/stressadrenalina.com\/ca\/conocenos\/carles-celma\/#breadcrumb"},"inLanguage":"ca","potentialAction":[{"@type":"ReadAction","target":["https:\/\/stressadrenalina.com\/ca\/conocenos\/carles-celma\/"]}]},{"@type":"ImageObject","inLanguage":"ca","@id":"https:\/\/stressadrenalina.com\/ca\/conocenos\/carles-celma\/#primaryimage","url":"http:\/\/stressadrenalina.com\/wp-content\/uploads\/2017\/03\/Selma-006098-200x300.jpg","contentUrl":"http:\/\/stressadrenalina.com\/wp-content\/uploads\/2017\/03\/Selma-006098-200x300.jpg"},{"@type":"BreadcrumbList","@id":"https:\/\/stressadrenalina.com\/ca\/conocenos\/carles-celma\/#breadcrumb","itemListElement":[{"@type":"ListItem","position":1,"name":"Portada","item":"https:\/\/stressadrenalina.com\/ca\/"},{"@type":"ListItem","position":2,"name":"Qui som?","item":"https:\/\/stressadrenalina.com\/ca\/conocenos\/"},{"@type":"ListItem","position":3,"name":"Carles Celma"}]},{"@type":"WebSite","@id":"https:\/\/stressadrenalina.com\/ca\/#website","url":"https:\/\/stressadrenalina.com\/ca\/","name":"Stress & Adrenalina","description":"Outdoor Experiences","potentialAction":[{"@type":"SearchAction","target":{"@type":"EntryPoint","urlTemplate":"https:\/\/stressadrenalina.com\/ca\/?s={search_term_string}"},"query-input":{"@type":"PropertyValueSpecification","valueRequired":true,"valueName":"search_term_string"}}],"inLanguage":"ca"}]}},"_links":{"self":[{"href":"https:\/\/stressadrenalina.com\/ca\/wp-json\/wp\/v2\/pages\/323","targetHints":{"allow":["GET"]}}],"collection":[{"href":"https:\/\/stressadrenalina.com\/ca\/wp-json\/wp\/v2\/pages"}],"about":[{"href":"https:\/\/stressadrenalina.com\/ca\/wp-json\/wp\/v2\/types\/page"}],"author":[{"embeddable":true,"href":"https:\/\/stressadrenalina.com\/ca\/wp-json\/wp\/v2\/users\/2"}],"replies":[{"embeddable":true,"href":"https:\/\/stressadrenalina.com\/ca\/wp-json\/wp\/v2\/comments?post=323"}],"version-history":[{"count":5,"href":"https:\/\/stressadrenalina.com\/ca\/wp-json\/wp\/v2\/pages\/323\/revisions"}],"predecessor-version":[{"id":3237,"href":"https:\/\/stressadrenalina.com\/ca\/wp-json\/wp\/v2\/pages\/323\/revisions\/3237"}],"up":[{"embeddable":true,"href":"https:\/\/stressadrenalina.com\/ca\/wp-json\/wp\/v2\/pages\/317"}],"wp:attachment":[{"href":"https:\/\/stressadrenalina.com\/ca\/wp-json\/wp\/v2\/media?parent=323"}],"curies":[{"name":"wp","href":"https:\/\/api.w.org\/{rel}","templated":true}]}}