{"id":327,"date":"2017-03-15T12:22:18","date_gmt":"2017-03-15T12:22:18","guid":{"rendered":"http:\/\/stressadrenalina.com\/ca\/?page_id=327"},"modified":"2017-10-11T08:54:41","modified_gmt":"2017-10-11T08:54:41","slug":"transsyberia","status":"publish","type":"page","link":"https:\/\/stressadrenalina.com\/ca\/conocenos\/transsyberia\/","title":{"rendered":"Transsyberia"},"content":{"rendered":"<p>El rallye Transsyberia, sempre camina direcci\u00f3 Est, comen\u00e7a a Mosc\u00fa,i travessa Siberia per els &#8220;Montes Urales&#8221;, entrant a Mongolia i arribant a Ullan Bator, despres de recorre m\u00e9s de 437 milles.<br \/>\nEl Rallye consta de 14 etapes, dins d&#8217;un terreny dif\u00edcil, on els participants demostraran les seves habilitats de conducci\u00f3. Les etapes especials recorren cents de kil\u00f2metres, durant aquestes etapes, tindrem que avaluar molt b\u00e9 el terreny que estem recorren i en el que creuarem diferents rios i pantans&#8230;.<br \/>\nEl nostre gerent, Carles Celma, ha participat com a pilot oficial de fabrica, al comandament d&#8217;un Porsche Cayenne durant les edicions 20017 i 2008 d&#8217;aquest rallye.<br \/>\nM\u00e9s informaci\u00f3 al nostre blog.<\/p>\n","protected":false},"excerpt":{"rendered":"<p>El rallye Transsyberia, sempre camina direcci\u00f3 Est, comen\u00e7a a Mosc\u00fa,i travessa Siberia per els &#8220;Montes Urales&#8221;, entrant a Mongolia i arribant a Ullan Bator, despres de recorre m\u00e9s de 437 milles. El Rallye consta de 14 etapes, dins d&#8217;un terreny dif\u00edcil, on els participants demostraran les seves habilitats de conducci\u00f3. Les etapes especials recorren cents [&hellip;]<\/p>\n","protected":false},"author":2,"featured_media":534,"parent":317,"menu_order":0,"comment_status":"closed","ping_status":"closed","template":"","meta":{"footnotes":""},"class_list":["post-327","page","type-page","status-publish","has-post-thumbnail","hentry"],"yoast_head":"<!-- This site is optimized with the Yoast SEO plugin v27.3 - https:\/\/yoast.com\/product\/yoast-seo-wordpress\/ -->\n<title>Transsyberia - Stress &amp; Adrenalina<\/title>\n<meta name=\"description\" content=\"El rallye Transsyberia, sempre camina direcci\u00f3 Est, comen\u00e7a a Mosc\u00fa,i travessa Siberia per els &quot;Montes Urales&quot;, entrant a Mongolia i arribant a Ullan\" \/>\n<meta name=\"robots\" content=\"index, follow, max-snippet:-1, max-image-preview:large, max-video-preview:-1\" \/>\n<link rel=\"canonical\" href=\"https:\/\/stressadrenalina.com\/ca\/conocenos\/transsyberia\/\" \/>\n<meta property=\"og:locale\" content=\"ca_ES\" \/>\n<meta property=\"og:type\" content=\"article\" \/>\n<meta property=\"og:title\" content=\"Transsyberia - Stress &amp; Adrenalina\" \/>\n<meta property=\"og:description\" content=\"El rallye Transsyberia, sempre camina direcci\u00f3 Est, comen\u00e7a a Mosc\u00fa,i travessa Siberia per els &quot;Montes Urales&quot;, entrant a Mongolia i arribant a Ullan\" \/>\n<meta property=\"og:url\" content=\"https:\/\/stressadrenalina.com\/ca\/conocenos\/transsyberia\/\" \/>\n<meta property=\"og:site_name\" content=\"Stress &amp; Adrenalina\" \/>\n<meta property=\"article:publisher\" content=\"https:\/\/www.facebook.com\/Stress-Adrenalina-SLU-307778953392\/\" \/>\n<meta property=\"article:modified_time\" content=\"2017-10-11T08:54:41+00:00\" \/>\n<meta property=\"og:image\" content=\"https:\/\/stressadrenalina.com\/wp-content\/uploads\/2017\/03\/P1000825.jpg\" \/>\n\t<meta property=\"og:image:width\" content=\"1120\" \/>\n\t<meta property=\"og:image:height\" content=\"840\" \/>\n\t<meta property=\"og:image:type\" content=\"image\/jpeg\" \/>\n<meta name=\"twitter:card\" content=\"summary_large_image\" \/>\n<meta name=\"twitter:label1\" content=\"Temps estimat de lectura\" \/>\n\t<meta name=\"twitter:data1\" content=\"1 minut\" \/>\n<script type=\"application\/ld+json\" class=\"yoast-schema-graph\">{\"@context\":\"https:\\\/\\\/schema.org\",\"@graph\":[{\"@type\":\"WebPage\",\"@id\":\"https:\\\/\\\/stressadrenalina.com\\\/ca\\\/conocenos\\\/transsyberia\\\/\",\"url\":\"https:\\\/\\\/stressadrenalina.com\\\/ca\\\/conocenos\\\/transsyberia\\\/\",\"name\":\"Transsyberia - Stress & Adrenalina\",\"isPartOf\":{\"@id\":\"https:\\\/\\\/stressadrenalina.com\\\/ca\\\/#website\"},\"primaryImageOfPage\":{\"@id\":\"https:\\\/\\\/stressadrenalina.com\\\/ca\\\/conocenos\\\/transsyberia\\\/#primaryimage\"},\"image\":{\"@id\":\"https:\\\/\\\/stressadrenalina.com\\\/ca\\\/conocenos\\\/transsyberia\\\/#primaryimage\"},\"thumbnailUrl\":\"https:\\\/\\\/stressadrenalina.com\\\/wp-content\\\/uploads\\\/2017\\\/03\\\/P1000825.jpg\",\"datePublished\":\"2017-03-15T12:22:18+00:00\",\"dateModified\":\"2017-10-11T08:54:41+00:00\",\"description\":\"El rallye Transsyberia, sempre camina direcci\u00f3 Est, comen\u00e7a a Mosc\u00fa,i travessa Siberia per els \\\"Montes Urales\\\", entrant a Mongolia i arribant a Ullan\",\"breadcrumb\":{\"@id\":\"https:\\\/\\\/stressadrenalina.com\\\/ca\\\/conocenos\\\/transsyberia\\\/#breadcrumb\"},\"inLanguage\":\"ca\",\"potentialAction\":[{\"@type\":\"ReadAction\",\"target\":[\"https:\\\/\\\/stressadrenalina.com\\\/ca\\\/conocenos\\\/transsyberia\\\/\"]}]},{\"@type\":\"ImageObject\",\"inLanguage\":\"ca\",\"@id\":\"https:\\\/\\\/stressadrenalina.com\\\/ca\\\/conocenos\\\/transsyberia\\\/#primaryimage\",\"url\":\"https:\\\/\\\/stressadrenalina.com\\\/wp-content\\\/uploads\\\/2017\\\/03\\\/P1000825.jpg\",\"contentUrl\":\"https:\\\/\\\/stressadrenalina.com\\\/wp-content\\\/uploads\\\/2017\\\/03\\\/P1000825.jpg\",\"width\":1120,\"height\":840},{\"@type\":\"BreadcrumbList\",\"@id\":\"https:\\\/\\\/stressadrenalina.com\\\/ca\\\/conocenos\\\/transsyberia\\\/#breadcrumb\",\"itemListElement\":[{\"@type\":\"ListItem\",\"position\":1,\"name\":\"Portada\",\"item\":\"https:\\\/\\\/stressadrenalina.com\\\/ca\\\/\"},{\"@type\":\"ListItem\",\"position\":2,\"name\":\"Qui som?\",\"item\":\"https:\\\/\\\/stressadrenalina.com\\\/ca\\\/conocenos\\\/\"},{\"@type\":\"ListItem\",\"position\":3,\"name\":\"Transsyberia\"}]},{\"@type\":\"WebSite\",\"@id\":\"https:\\\/\\\/stressadrenalina.com\\\/ca\\\/#website\",\"url\":\"https:\\\/\\\/stressadrenalina.com\\\/ca\\\/\",\"name\":\"Stress & Adrenalina\",\"description\":\"Outdoor Experiences\",\"potentialAction\":[{\"@type\":\"SearchAction\",\"target\":{\"@type\":\"EntryPoint\",\"urlTemplate\":\"https:\\\/\\\/stressadrenalina.com\\\/ca\\\/?s={search_term_string}\"},\"query-input\":{\"@type\":\"PropertyValueSpecification\",\"valueRequired\":true,\"valueName\":\"search_term_string\"}}],\"inLanguage\":\"ca\"}]}<\/script>\n<!-- \/ Yoast SEO plugin. -->","yoast_head_json":{"title":"Transsyberia - Stress & Adrenalina","description":"El rallye Transsyberia, sempre camina direcci\u00f3 Est, comen\u00e7a a Mosc\u00fa,i travessa Siberia per els \"Montes Urales\", entrant a Mongolia i arribant a Ullan","robots":{"index":"index","follow":"follow","max-snippet":"max-snippet:-1","max-image-preview":"max-image-preview:large","max-video-preview":"max-video-preview:-1"},"canonical":"https:\/\/stressadrenalina.com\/ca\/conocenos\/transsyberia\/","og_locale":"ca_ES","og_type":"article","og_title":"Transsyberia - Stress & Adrenalina","og_description":"El rallye Transsyberia, sempre camina direcci\u00f3 Est, comen\u00e7a a Mosc\u00fa,i travessa Siberia per els \"Montes Urales\", entrant a Mongolia i arribant a Ullan","og_url":"https:\/\/stressadrenalina.com\/ca\/conocenos\/transsyberia\/","og_site_name":"Stress & Adrenalina","article_publisher":"https:\/\/www.facebook.com\/Stress-Adrenalina-SLU-307778953392\/","article_modified_time":"2017-10-11T08:54:41+00:00","og_image":[{"width":1120,"height":840,"url":"https:\/\/stressadrenalina.com\/wp-content\/uploads\/2017\/03\/P1000825.jpg","type":"image\/jpeg"}],"twitter_card":"summary_large_image","twitter_misc":{"Temps estimat de lectura":"1 minut"},"schema":{"@context":"https:\/\/schema.org","@graph":[{"@type":"WebPage","@id":"https:\/\/stressadrenalina.com\/ca\/conocenos\/transsyberia\/","url":"https:\/\/stressadrenalina.com\/ca\/conocenos\/transsyberia\/","name":"Transsyberia - Stress & Adrenalina","isPartOf":{"@id":"https:\/\/stressadrenalina.com\/ca\/#website"},"primaryImageOfPage":{"@id":"https:\/\/stressadrenalina.com\/ca\/conocenos\/transsyberia\/#primaryimage"},"image":{"@id":"https:\/\/stressadrenalina.com\/ca\/conocenos\/transsyberia\/#primaryimage"},"thumbnailUrl":"https:\/\/stressadrenalina.com\/wp-content\/uploads\/2017\/03\/P1000825.jpg","datePublished":"2017-03-15T12:22:18+00:00","dateModified":"2017-10-11T08:54:41+00:00","description":"El rallye Transsyberia, sempre camina direcci\u00f3 Est, comen\u00e7a a Mosc\u00fa,i travessa Siberia per els \"Montes Urales\", entrant a Mongolia i arribant a Ullan","breadcrumb":{"@id":"https:\/\/stressadrenalina.com\/ca\/conocenos\/transsyberia\/#breadcrumb"},"inLanguage":"ca","potentialAction":[{"@type":"ReadAction","target":["https:\/\/stressadrenalina.com\/ca\/conocenos\/transsyberia\/"]}]},{"@type":"ImageObject","inLanguage":"ca","@id":"https:\/\/stressadrenalina.com\/ca\/conocenos\/transsyberia\/#primaryimage","url":"https:\/\/stressadrenalina.com\/wp-content\/uploads\/2017\/03\/P1000825.jpg","contentUrl":"https:\/\/stressadrenalina.com\/wp-content\/uploads\/2017\/03\/P1000825.jpg","width":1120,"height":840},{"@type":"BreadcrumbList","@id":"https:\/\/stressadrenalina.com\/ca\/conocenos\/transsyberia\/#breadcrumb","itemListElement":[{"@type":"ListItem","position":1,"name":"Portada","item":"https:\/\/stressadrenalina.com\/ca\/"},{"@type":"ListItem","position":2,"name":"Qui som?","item":"https:\/\/stressadrenalina.com\/ca\/conocenos\/"},{"@type":"ListItem","position":3,"name":"Transsyberia"}]},{"@type":"WebSite","@id":"https:\/\/stressadrenalina.com\/ca\/#website","url":"https:\/\/stressadrenalina.com\/ca\/","name":"Stress & Adrenalina","description":"Outdoor Experiences","potentialAction":[{"@type":"SearchAction","target":{"@type":"EntryPoint","urlTemplate":"https:\/\/stressadrenalina.com\/ca\/?s={search_term_string}"},"query-input":{"@type":"PropertyValueSpecification","valueRequired":true,"valueName":"search_term_string"}}],"inLanguage":"ca"}]}},"_links":{"self":[{"href":"https:\/\/stressadrenalina.com\/ca\/wp-json\/wp\/v2\/pages\/327","targetHints":{"allow":["GET"]}}],"collection":[{"href":"https:\/\/stressadrenalina.com\/ca\/wp-json\/wp\/v2\/pages"}],"about":[{"href":"https:\/\/stressadrenalina.com\/ca\/wp-json\/wp\/v2\/types\/page"}],"author":[{"embeddable":true,"href":"https:\/\/stressadrenalina.com\/ca\/wp-json\/wp\/v2\/users\/2"}],"replies":[{"embeddable":true,"href":"https:\/\/stressadrenalina.com\/ca\/wp-json\/wp\/v2\/comments?post=327"}],"version-history":[{"count":3,"href":"https:\/\/stressadrenalina.com\/ca\/wp-json\/wp\/v2\/pages\/327\/revisions"}],"predecessor-version":[{"id":911,"href":"https:\/\/stressadrenalina.com\/ca\/wp-json\/wp\/v2\/pages\/327\/revisions\/911"}],"up":[{"embeddable":true,"href":"https:\/\/stressadrenalina.com\/ca\/wp-json\/wp\/v2\/pages\/317"}],"wp:featuredmedia":[{"embeddable":true,"href":"https:\/\/stressadrenalina.com\/ca\/wp-json\/wp\/v2\/media\/534"}],"wp:attachment":[{"href":"https:\/\/stressadrenalina.com\/ca\/wp-json\/wp\/v2\/media?parent=327"}],"curies":[{"name":"wp","href":"https:\/\/api.w.org\/{rel}","templated":true}]}}