{"id":333,"date":"2017-03-15T12:25:30","date_gmt":"2017-03-15T12:25:30","guid":{"rendered":"http:\/\/stressadrenalina.com\/ca\/?page_id=333"},"modified":"2023-11-30T11:15:38","modified_gmt":"2023-11-30T10:15:38","slug":"enoturisme-4x4","status":"publish","type":"page","link":"https:\/\/stressadrenalina.com\/ca\/enoturisme-4x4\/","title":{"rendered":"Enoturisme &#038; 4&#215;4"},"content":{"rendered":"<h1>VIU UNA <strong>EXPERI\u00c8NCIA ENOTUR\u00cdSTICA<\/strong> 4&#215;4 AMB STRESSADRENALINA:<\/h1>\n<p>T&#8217;agrada l&#8217;<strong>enoturisme &amp; 4&#215;4<\/strong>?<br \/>\nT&#8217;agrada la natura i l&#8217;aventura?<br \/>\n<span class=\"hiddenGreenError\" style=\"padding-bottom: 2px; background-image: url('..\/..\/..\/..\/..\/images\/squiggle_green.png'); background-repeat: repeat-x; background-position: left bottom; cursor: default; color: #000000; font-family: 'Open Sans', Helvetica, Arial, sans-serif; font-size: 16px; font-style: normal; font-variant-ligatures: normal; font-variant-caps: normal; font-weight: 300; letter-spacing: normal; orphans: 2; text-align: start; text-indent: 0px; text-transform: none; widows: 2; word-spacing: 0px; -webkit-text-stroke-width: 0px; white-space: normal; text-decoration-thickness: initial; text-decoration-style: initial; text-decoration-color: initial;\">T&#8217;<\/span>agrada la hist\u00f2ria descobrir territori?<br \/>\n<span class=\"hiddenGreenError\" style=\"padding-bottom: 2px; background-image: url('..\/..\/..\/..\/..\/images\/squiggle_green.png'); background-repeat: repeat-x; background-position: left bottom; cursor: default; color: #000000; font-family: 'Open Sans', Helvetica, Arial, sans-serif; font-size: 16px; font-style: normal; font-variant-ligatures: normal; font-variant-caps: normal; font-weight: 300; letter-spacing: normal; orphans: 2; text-align: start; text-indent: 0px; text-transform: none; widows: 2; word-spacing: 0px; -webkit-text-stroke-width: 0px; white-space: normal; text-decoration-thickness: initial; text-decoration-style: initial; text-decoration-color: initial;\">T&#8217;<\/span>agrada tastar <strong>vins<\/strong> i menjar b\u00e9?<\/p>\n<h2>T&#8217;AGRADA VIURE UNA <strong>EXPERI\u00c8NCIA<\/strong>? <strong>REGALAR UNA EXPERI\u00c8NCIA<\/strong>?<\/h2>\n<p><span class=\"hiddenGreenError\" style=\"padding-bottom: 2px; background-image: url('..\/..\/..\/..\/..\/images\/squiggle_green.png'); background-repeat: repeat-x; background-position: left bottom; cursor: default; color: #000000; font-family: 'Open Sans', Helvetica, Arial, sans-serif; font-size: 16px; font-style: normal; font-variant-ligatures: normal; font-variant-caps: normal; font-weight: 300; letter-spacing: normal; orphans: 2; text-align: start; text-indent: 0px; text-transform: none; widows: 2; word-spacing: 0px; -webkit-text-stroke-width: 0px; white-space: normal; text-decoration-thickness: initial; text-decoration-style: initial; text-decoration-color: initial;\">T&#8217;<\/span>imagines passar una jornada al <strong>Pened\u00e8s<\/strong> amb un\u00a0guia\u00a0local per fer-te un programa a mida de les teves necessitats i\u00a0inquietuds?<\/p>\n<p>Ens agrada el que fem, ens agrada on vivim i ens agrada ensenyar-ho, per tot, et portarem a viure el que ens agradaria que\u00a0fessin\u00a0amb nosaltres.<\/p>\n<p>Hi ha molts cellers que ofereixen visites i tastos per con\u00e8ixer i vendre el seu producte.<\/p>\n<p>Nosaltres anem m\u00e9s enll\u00e0, nosaltres et portarem d&#8217;excursi\u00f3 per paratges que no t&#8217;imagines, amb vistes panor\u00e0miques espectaculars, passant per vinyes, castells, camins i miradors als cims m\u00e9s alts de la nostra contornada. Et portarem a &#8220;la franja&#8221;, all\u00e0 on antigament els cristians i musulmans lluitaven, uns per arribar a conquerir <strong>Barcelona<\/strong> i els altres per mirar d&#8217;aturar-los, i coneixerem la hist\u00f2ria de la regi\u00f3 vitivin\u00edcola del <strong>Pened\u00e8s<\/strong>, que, sobretot, est\u00e0 relacionada amb la seva ubicaci\u00f3 geogr\u00e0fica, la proximitat al mar i la influ\u00e8ncia del mass\u00eds de <strong>Montserrat.<\/strong><\/p>\n<p>A m\u00e9s,\u00a0a causa de\u00a0la composici\u00f3 de pedra calc\u00e0ria, al territori tenim molts antics forns de cal\u00e7 i avencs enmig dels boscos i muntanyes, llocs molt curiosos de visitar.<\/p>\n<p>No ens oblidem dels <strong>vins, del cava i del menjar<\/strong>, ja que la nostra ruta acaba amb un brunch de productes locals a la vinya de casa nostra, durant el cam\u00ed podrem fer un tast sorpresa.<\/p>\n<p>Si a m\u00e9s a m\u00e9s, desitges parar a un celler durant la ruta, o vols que et recomanem un celler\u00a0o\u00a0lloc per dinar\u00a0en\u00a0finalitzar, nom\u00e9s ens ho has de dir.<\/p>\n<p>Et proposem una <strong>ruta 4&#215;4<\/strong> amb els nostres descapotables o no&#8230; i un guia local per tal de viure un mat\u00ed inoblidable.<\/p>\n<p>En definitiva, una <strong>experi\u00e8ncia<\/strong> totalment <strong>personalitzada.<\/strong><\/p>\n<p>Altres rutes 4&#215;4\u00a0 a:\u00a0<a href=\"https:\/\/stressadrenalina.com\/experiencia\/experiencias-4x4\/\">https:\/\/stressadrenalina.com\/experiencia\/experiencias-4&#215;4\/<\/a><\/p>\n","protected":false},"excerpt":{"rendered":"<p>VIU UNA EXPERI\u00c8NCIA ENOTUR\u00cdSTICA 4&#215;4 AMB STRESSADRENALINA: T&#8217;agrada l&#8217;enoturisme &amp; 4&#215;4? T&#8217;agrada la natura i l&#8217;aventura? T&#8217;agrada la hist\u00f2ria descobrir territori? T&#8217;agrada tastar vins i menjar b\u00e9? T&#8217;AGRADA VIURE UNA EXPERI\u00c8NCIA? REGALAR UNA EXPERI\u00c8NCIA? T&#8217;imagines passar una jornada al Pened\u00e8s amb un\u00a0guia\u00a0local per fer-te un programa a mida de les teves necessitats i\u00a0inquietuds? Ens agrada [&hellip;]<\/p>\n","protected":false},"author":2,"featured_media":459,"parent":0,"menu_order":0,"comment_status":"closed","ping_status":"closed","template":"page-enoturismo-penedes.php","meta":{"footnotes":""},"class_list":["post-333","page","type-page","status-publish","has-post-thumbnail","hentry"],"yoast_head":"<!-- This site is optimized with the Yoast SEO plugin v27.3 - https:\/\/yoast.com\/product\/yoast-seo-wordpress\/ -->\n<title>Enoturisme &amp; 4x4 - Stress &amp; Adrenalina<\/title>\n<meta name=\"description\" content=\"VIU UNA EXPERI\u00c8NCIA ENOTUR\u00cdSTICA 4x4 AMB STRESSADRENALINA: T&#039;agrada l&#039;enoturisme &amp; 4x4? T&#039;agrada la natura i l&#039;aventura? T&#039;agrada la hist\u00f2ria\" \/>\n<meta name=\"robots\" content=\"index, follow, max-snippet:-1, max-image-preview:large, max-video-preview:-1\" \/>\n<link rel=\"canonical\" href=\"https:\/\/stressadrenalina.com\/ca\/enoturisme-4x4\/\" \/>\n<meta property=\"og:locale\" content=\"ca_ES\" \/>\n<meta property=\"og:type\" content=\"article\" \/>\n<meta property=\"og:title\" content=\"Enoturisme &amp; 4x4 - Stress &amp; Adrenalina\" \/>\n<meta property=\"og:description\" content=\"VIU UNA EXPERI\u00c8NCIA ENOTUR\u00cdSTICA 4x4 AMB STRESSADRENALINA: T&#039;agrada l&#039;enoturisme &amp; 4x4? T&#039;agrada la natura i l&#039;aventura? T&#039;agrada la hist\u00f2ria\" \/>\n<meta property=\"og:url\" content=\"https:\/\/stressadrenalina.com\/ca\/enoturisme-4x4\/\" \/>\n<meta property=\"og:site_name\" content=\"Stress &amp; Adrenalina\" \/>\n<meta property=\"article:publisher\" content=\"https:\/\/www.facebook.com\/Stress-Adrenalina-SLU-307778953392\/\" \/>\n<meta property=\"article:modified_time\" content=\"2023-11-30T10:15:38+00:00\" \/>\n<meta property=\"og:image\" content=\"https:\/\/stressadrenalina.com\/wp-content\/uploads\/2017\/03\/enoturismo.jpg\" \/>\n\t<meta property=\"og:image:width\" content=\"1120\" \/>\n\t<meta property=\"og:image:height\" content=\"533\" \/>\n\t<meta property=\"og:image:type\" content=\"image\/jpeg\" \/>\n<meta name=\"twitter:card\" content=\"summary_large_image\" \/>\n<meta name=\"twitter:label1\" content=\"Temps estimat de lectura\" \/>\n\t<meta name=\"twitter:data1\" content=\"2 minuts\" \/>\n<script type=\"application\/ld+json\" class=\"yoast-schema-graph\">{\"@context\":\"https:\\\/\\\/schema.org\",\"@graph\":[{\"@type\":\"WebPage\",\"@id\":\"https:\\\/\\\/stressadrenalina.com\\\/ca\\\/enoturisme-4x4\\\/\",\"url\":\"https:\\\/\\\/stressadrenalina.com\\\/ca\\\/enoturisme-4x4\\\/\",\"name\":\"Enoturisme & 4x4 - Stress & Adrenalina\",\"isPartOf\":{\"@id\":\"https:\\\/\\\/stressadrenalina.com\\\/ca\\\/#website\"},\"primaryImageOfPage\":{\"@id\":\"https:\\\/\\\/stressadrenalina.com\\\/ca\\\/enoturisme-4x4\\\/#primaryimage\"},\"image\":{\"@id\":\"https:\\\/\\\/stressadrenalina.com\\\/ca\\\/enoturisme-4x4\\\/#primaryimage\"},\"thumbnailUrl\":\"https:\\\/\\\/stressadrenalina.com\\\/wp-content\\\/uploads\\\/2017\\\/03\\\/enoturismo.jpg\",\"datePublished\":\"2017-03-15T12:25:30+00:00\",\"dateModified\":\"2023-11-30T10:15:38+00:00\",\"description\":\"VIU UNA EXPERI\u00c8NCIA ENOTUR\u00cdSTICA 4x4 AMB STRESSADRENALINA: T'agrada l'enoturisme &amp; 4x4? T'agrada la natura i l'aventura? T'agrada la hist\u00f2ria\",\"breadcrumb\":{\"@id\":\"https:\\\/\\\/stressadrenalina.com\\\/ca\\\/enoturisme-4x4\\\/#breadcrumb\"},\"inLanguage\":\"ca\",\"potentialAction\":[{\"@type\":\"ReadAction\",\"target\":[\"https:\\\/\\\/stressadrenalina.com\\\/ca\\\/enoturisme-4x4\\\/\"]}]},{\"@type\":\"ImageObject\",\"inLanguage\":\"ca\",\"@id\":\"https:\\\/\\\/stressadrenalina.com\\\/ca\\\/enoturisme-4x4\\\/#primaryimage\",\"url\":\"https:\\\/\\\/stressadrenalina.com\\\/wp-content\\\/uploads\\\/2017\\\/03\\\/enoturismo.jpg\",\"contentUrl\":\"https:\\\/\\\/stressadrenalina.com\\\/wp-content\\\/uploads\\\/2017\\\/03\\\/enoturismo.jpg\",\"width\":1120,\"height\":533},{\"@type\":\"BreadcrumbList\",\"@id\":\"https:\\\/\\\/stressadrenalina.com\\\/ca\\\/enoturisme-4x4\\\/#breadcrumb\",\"itemListElement\":[{\"@type\":\"ListItem\",\"position\":1,\"name\":\"Portada\",\"item\":\"https:\\\/\\\/stressadrenalina.com\\\/ca\\\/\"},{\"@type\":\"ListItem\",\"position\":2,\"name\":\"Enoturisme &#038; 4&#215;4\"}]},{\"@type\":\"WebSite\",\"@id\":\"https:\\\/\\\/stressadrenalina.com\\\/ca\\\/#website\",\"url\":\"https:\\\/\\\/stressadrenalina.com\\\/ca\\\/\",\"name\":\"Stress & Adrenalina\",\"description\":\"Outdoor Experiences\",\"potentialAction\":[{\"@type\":\"SearchAction\",\"target\":{\"@type\":\"EntryPoint\",\"urlTemplate\":\"https:\\\/\\\/stressadrenalina.com\\\/ca\\\/?s={search_term_string}\"},\"query-input\":{\"@type\":\"PropertyValueSpecification\",\"valueRequired\":true,\"valueName\":\"search_term_string\"}}],\"inLanguage\":\"ca\"}]}<\/script>\n<!-- \/ Yoast SEO plugin. -->","yoast_head_json":{"title":"Enoturisme & 4x4 - Stress & Adrenalina","description":"VIU UNA EXPERI\u00c8NCIA ENOTUR\u00cdSTICA 4x4 AMB STRESSADRENALINA: T'agrada l'enoturisme &amp; 4x4? T'agrada la natura i l'aventura? T'agrada la hist\u00f2ria","robots":{"index":"index","follow":"follow","max-snippet":"max-snippet:-1","max-image-preview":"max-image-preview:large","max-video-preview":"max-video-preview:-1"},"canonical":"https:\/\/stressadrenalina.com\/ca\/enoturisme-4x4\/","og_locale":"ca_ES","og_type":"article","og_title":"Enoturisme & 4x4 - Stress & Adrenalina","og_description":"VIU UNA EXPERI\u00c8NCIA ENOTUR\u00cdSTICA 4x4 AMB STRESSADRENALINA: T'agrada l'enoturisme &amp; 4x4? T'agrada la natura i l'aventura? T'agrada la hist\u00f2ria","og_url":"https:\/\/stressadrenalina.com\/ca\/enoturisme-4x4\/","og_site_name":"Stress & Adrenalina","article_publisher":"https:\/\/www.facebook.com\/Stress-Adrenalina-SLU-307778953392\/","article_modified_time":"2023-11-30T10:15:38+00:00","og_image":[{"width":1120,"height":533,"url":"https:\/\/stressadrenalina.com\/wp-content\/uploads\/2017\/03\/enoturismo.jpg","type":"image\/jpeg"}],"twitter_card":"summary_large_image","twitter_misc":{"Temps estimat de lectura":"2 minuts"},"schema":{"@context":"https:\/\/schema.org","@graph":[{"@type":"WebPage","@id":"https:\/\/stressadrenalina.com\/ca\/enoturisme-4x4\/","url":"https:\/\/stressadrenalina.com\/ca\/enoturisme-4x4\/","name":"Enoturisme & 4x4 - Stress & Adrenalina","isPartOf":{"@id":"https:\/\/stressadrenalina.com\/ca\/#website"},"primaryImageOfPage":{"@id":"https:\/\/stressadrenalina.com\/ca\/enoturisme-4x4\/#primaryimage"},"image":{"@id":"https:\/\/stressadrenalina.com\/ca\/enoturisme-4x4\/#primaryimage"},"thumbnailUrl":"https:\/\/stressadrenalina.com\/wp-content\/uploads\/2017\/03\/enoturismo.jpg","datePublished":"2017-03-15T12:25:30+00:00","dateModified":"2023-11-30T10:15:38+00:00","description":"VIU UNA EXPERI\u00c8NCIA ENOTUR\u00cdSTICA 4x4 AMB STRESSADRENALINA: T'agrada l'enoturisme &amp; 4x4? T'agrada la natura i l'aventura? T'agrada la hist\u00f2ria","breadcrumb":{"@id":"https:\/\/stressadrenalina.com\/ca\/enoturisme-4x4\/#breadcrumb"},"inLanguage":"ca","potentialAction":[{"@type":"ReadAction","target":["https:\/\/stressadrenalina.com\/ca\/enoturisme-4x4\/"]}]},{"@type":"ImageObject","inLanguage":"ca","@id":"https:\/\/stressadrenalina.com\/ca\/enoturisme-4x4\/#primaryimage","url":"https:\/\/stressadrenalina.com\/wp-content\/uploads\/2017\/03\/enoturismo.jpg","contentUrl":"https:\/\/stressadrenalina.com\/wp-content\/uploads\/2017\/03\/enoturismo.jpg","width":1120,"height":533},{"@type":"BreadcrumbList","@id":"https:\/\/stressadrenalina.com\/ca\/enoturisme-4x4\/#breadcrumb","itemListElement":[{"@type":"ListItem","position":1,"name":"Portada","item":"https:\/\/stressadrenalina.com\/ca\/"},{"@type":"ListItem","position":2,"name":"Enoturisme &#038; 4&#215;4"}]},{"@type":"WebSite","@id":"https:\/\/stressadrenalina.com\/ca\/#website","url":"https:\/\/stressadrenalina.com\/ca\/","name":"Stress & Adrenalina","description":"Outdoor Experiences","potentialAction":[{"@type":"SearchAction","target":{"@type":"EntryPoint","urlTemplate":"https:\/\/stressadrenalina.com\/ca\/?s={search_term_string}"},"query-input":{"@type":"PropertyValueSpecification","valueRequired":true,"valueName":"search_term_string"}}],"inLanguage":"ca"}]}},"_links":{"self":[{"href":"https:\/\/stressadrenalina.com\/ca\/wp-json\/wp\/v2\/pages\/333","targetHints":{"allow":["GET"]}}],"collection":[{"href":"https:\/\/stressadrenalina.com\/ca\/wp-json\/wp\/v2\/pages"}],"about":[{"href":"https:\/\/stressadrenalina.com\/ca\/wp-json\/wp\/v2\/types\/page"}],"author":[{"embeddable":true,"href":"https:\/\/stressadrenalina.com\/ca\/wp-json\/wp\/v2\/users\/2"}],"replies":[{"embeddable":true,"href":"https:\/\/stressadrenalina.com\/ca\/wp-json\/wp\/v2\/comments?post=333"}],"version-history":[{"count":8,"href":"https:\/\/stressadrenalina.com\/ca\/wp-json\/wp\/v2\/pages\/333\/revisions"}],"predecessor-version":[{"id":8337,"href":"https:\/\/stressadrenalina.com\/ca\/wp-json\/wp\/v2\/pages\/333\/revisions\/8337"}],"wp:featuredmedia":[{"embeddable":true,"href":"https:\/\/stressadrenalina.com\/ca\/wp-json\/wp\/v2\/media\/459"}],"wp:attachment":[{"href":"https:\/\/stressadrenalina.com\/ca\/wp-json\/wp\/v2\/media?parent=333"}],"curies":[{"name":"wp","href":"https:\/\/api.w.org\/{rel}","templated":true}]}}