{"id":342,"date":"2017-03-15T12:28:48","date_gmt":"2017-03-15T12:28:48","guid":{"rendered":"http:\/\/stressadrenalina.com\/ca\/?page_id=342"},"modified":"2017-10-11T08:55:35","modified_gmt":"2017-10-11T08:55:35","slug":"materials","status":"publish","type":"page","link":"https:\/\/stressadrenalina.com\/ca\/materials\/","title":{"rendered":"Materials"},"content":{"rendered":"<p>Dispossem d&#8217;una flota de vehicles 4&#215;4 que consta de:<br \/>\n5 Nissan Patrol Extrem<br \/>\n2 Nissan Patrol extrem descapotables<br \/>\n1 Nissan Terrano<\/p>\n<p>A m\u00e9s tenim:<br \/>\n11 quads tip\u00fas Honda TRX 250cc, Yamaha Bear Trackear 250cc.<\/p>\n<p>Aix\u00ec com una gran quantitat de material per realitzar activitat tip\u00fas: tir amb arc, team building&#8230;<\/p>\n","protected":false},"excerpt":{"rendered":"<p>Dispossem d&#8217;una flota de vehicles 4&#215;4 que consta de: 5 Nissan Patrol Extrem 2 Nissan Patrol extrem descapotables 1 Nissan Terrano A m\u00e9s tenim: 11 quads tip\u00fas Honda TRX 250cc, Yamaha Bear Trackear 250cc. Aix\u00ec com una gran quantitat de material per realitzar activitat tip\u00fas: tir amb arc, team building&#8230;<\/p>\n","protected":false},"author":2,"featured_media":839,"parent":0,"menu_order":0,"comment_status":"closed","ping_status":"closed","template":"","meta":{"footnotes":""},"class_list":["post-342","page","type-page","status-publish","has-post-thumbnail","hentry"],"yoast_head":"<!-- This site is optimized with the Yoast SEO plugin v27.3 - https:\/\/yoast.com\/product\/yoast-seo-wordpress\/ -->\n<title>Materials - Stress &amp; Adrenalina<\/title>\n<meta name=\"description\" content=\"Dispossem d&#039;una flota de vehicles 4x4 que consta de: 5 Nissan Patrol Extrem 2 Nissan Patrol extrem descapotables 1 Nissan Terrano A m\u00e9s tenim: 11 quads\" \/>\n<meta name=\"robots\" content=\"index, follow, max-snippet:-1, max-image-preview:large, max-video-preview:-1\" \/>\n<link rel=\"canonical\" href=\"https:\/\/stressadrenalina.com\/ca\/materials\/\" \/>\n<meta property=\"og:locale\" content=\"ca_ES\" \/>\n<meta property=\"og:type\" content=\"article\" \/>\n<meta property=\"og:title\" content=\"Materials - Stress &amp; Adrenalina\" \/>\n<meta property=\"og:description\" content=\"Dispossem d&#039;una flota de vehicles 4x4 que consta de: 5 Nissan Patrol Extrem 2 Nissan Patrol extrem descapotables 1 Nissan Terrano A m\u00e9s tenim: 11 quads\" \/>\n<meta property=\"og:url\" content=\"https:\/\/stressadrenalina.com\/ca\/materials\/\" \/>\n<meta property=\"og:site_name\" content=\"Stress &amp; Adrenalina\" \/>\n<meta property=\"article:publisher\" content=\"https:\/\/www.facebook.com\/Stress-Adrenalina-SLU-307778953392\/\" \/>\n<meta property=\"article:modified_time\" content=\"2017-10-11T08:55:35+00:00\" \/>\n<meta property=\"og:image\" content=\"https:\/\/stressadrenalina.com\/wp-content\/uploads\/2017\/03\/materiales.jpg\" \/>\n\t<meta property=\"og:image:width\" content=\"1120\" \/>\n\t<meta property=\"og:image:height\" content=\"630\" \/>\n\t<meta property=\"og:image:type\" content=\"image\/jpeg\" \/>\n<meta name=\"twitter:card\" content=\"summary_large_image\" \/>\n<script type=\"application\/ld+json\" class=\"yoast-schema-graph\">{\"@context\":\"https:\\\/\\\/schema.org\",\"@graph\":[{\"@type\":\"WebPage\",\"@id\":\"https:\\\/\\\/stressadrenalina.com\\\/ca\\\/materials\\\/\",\"url\":\"https:\\\/\\\/stressadrenalina.com\\\/ca\\\/materials\\\/\",\"name\":\"Materials - Stress & Adrenalina\",\"isPartOf\":{\"@id\":\"https:\\\/\\\/stressadrenalina.com\\\/ca\\\/#website\"},\"primaryImageOfPage\":{\"@id\":\"https:\\\/\\\/stressadrenalina.com\\\/ca\\\/materials\\\/#primaryimage\"},\"image\":{\"@id\":\"https:\\\/\\\/stressadrenalina.com\\\/ca\\\/materials\\\/#primaryimage\"},\"thumbnailUrl\":\"https:\\\/\\\/stressadrenalina.com\\\/wp-content\\\/uploads\\\/2017\\\/03\\\/materiales.jpg\",\"datePublished\":\"2017-03-15T12:28:48+00:00\",\"dateModified\":\"2017-10-11T08:55:35+00:00\",\"description\":\"Dispossem d'una flota de vehicles 4x4 que consta de: 5 Nissan Patrol Extrem 2 Nissan Patrol extrem descapotables 1 Nissan Terrano A m\u00e9s tenim: 11 quads\",\"breadcrumb\":{\"@id\":\"https:\\\/\\\/stressadrenalina.com\\\/ca\\\/materials\\\/#breadcrumb\"},\"inLanguage\":\"ca\",\"potentialAction\":[{\"@type\":\"ReadAction\",\"target\":[\"https:\\\/\\\/stressadrenalina.com\\\/ca\\\/materials\\\/\"]}]},{\"@type\":\"ImageObject\",\"inLanguage\":\"ca\",\"@id\":\"https:\\\/\\\/stressadrenalina.com\\\/ca\\\/materials\\\/#primaryimage\",\"url\":\"https:\\\/\\\/stressadrenalina.com\\\/wp-content\\\/uploads\\\/2017\\\/03\\\/materiales.jpg\",\"contentUrl\":\"https:\\\/\\\/stressadrenalina.com\\\/wp-content\\\/uploads\\\/2017\\\/03\\\/materiales.jpg\",\"width\":1120,\"height\":630},{\"@type\":\"BreadcrumbList\",\"@id\":\"https:\\\/\\\/stressadrenalina.com\\\/ca\\\/materials\\\/#breadcrumb\",\"itemListElement\":[{\"@type\":\"ListItem\",\"position\":1,\"name\":\"Portada\",\"item\":\"https:\\\/\\\/stressadrenalina.com\\\/ca\\\/\"},{\"@type\":\"ListItem\",\"position\":2,\"name\":\"Materials\"}]},{\"@type\":\"WebSite\",\"@id\":\"https:\\\/\\\/stressadrenalina.com\\\/ca\\\/#website\",\"url\":\"https:\\\/\\\/stressadrenalina.com\\\/ca\\\/\",\"name\":\"Stress & Adrenalina\",\"description\":\"Outdoor Experiences\",\"potentialAction\":[{\"@type\":\"SearchAction\",\"target\":{\"@type\":\"EntryPoint\",\"urlTemplate\":\"https:\\\/\\\/stressadrenalina.com\\\/ca\\\/?s={search_term_string}\"},\"query-input\":{\"@type\":\"PropertyValueSpecification\",\"valueRequired\":true,\"valueName\":\"search_term_string\"}}],\"inLanguage\":\"ca\"}]}<\/script>\n<!-- \/ Yoast SEO plugin. -->","yoast_head_json":{"title":"Materials - Stress & Adrenalina","description":"Dispossem d'una flota de vehicles 4x4 que consta de: 5 Nissan Patrol Extrem 2 Nissan Patrol extrem descapotables 1 Nissan Terrano A m\u00e9s tenim: 11 quads","robots":{"index":"index","follow":"follow","max-snippet":"max-snippet:-1","max-image-preview":"max-image-preview:large","max-video-preview":"max-video-preview:-1"},"canonical":"https:\/\/stressadrenalina.com\/ca\/materials\/","og_locale":"ca_ES","og_type":"article","og_title":"Materials - Stress & Adrenalina","og_description":"Dispossem d'una flota de vehicles 4x4 que consta de: 5 Nissan Patrol Extrem 2 Nissan Patrol extrem descapotables 1 Nissan Terrano A m\u00e9s tenim: 11 quads","og_url":"https:\/\/stressadrenalina.com\/ca\/materials\/","og_site_name":"Stress & Adrenalina","article_publisher":"https:\/\/www.facebook.com\/Stress-Adrenalina-SLU-307778953392\/","article_modified_time":"2017-10-11T08:55:35+00:00","og_image":[{"width":1120,"height":630,"url":"https:\/\/stressadrenalina.com\/wp-content\/uploads\/2017\/03\/materiales.jpg","type":"image\/jpeg"}],"twitter_card":"summary_large_image","schema":{"@context":"https:\/\/schema.org","@graph":[{"@type":"WebPage","@id":"https:\/\/stressadrenalina.com\/ca\/materials\/","url":"https:\/\/stressadrenalina.com\/ca\/materials\/","name":"Materials - Stress & Adrenalina","isPartOf":{"@id":"https:\/\/stressadrenalina.com\/ca\/#website"},"primaryImageOfPage":{"@id":"https:\/\/stressadrenalina.com\/ca\/materials\/#primaryimage"},"image":{"@id":"https:\/\/stressadrenalina.com\/ca\/materials\/#primaryimage"},"thumbnailUrl":"https:\/\/stressadrenalina.com\/wp-content\/uploads\/2017\/03\/materiales.jpg","datePublished":"2017-03-15T12:28:48+00:00","dateModified":"2017-10-11T08:55:35+00:00","description":"Dispossem d'una flota de vehicles 4x4 que consta de: 5 Nissan Patrol Extrem 2 Nissan Patrol extrem descapotables 1 Nissan Terrano A m\u00e9s tenim: 11 quads","breadcrumb":{"@id":"https:\/\/stressadrenalina.com\/ca\/materials\/#breadcrumb"},"inLanguage":"ca","potentialAction":[{"@type":"ReadAction","target":["https:\/\/stressadrenalina.com\/ca\/materials\/"]}]},{"@type":"ImageObject","inLanguage":"ca","@id":"https:\/\/stressadrenalina.com\/ca\/materials\/#primaryimage","url":"https:\/\/stressadrenalina.com\/wp-content\/uploads\/2017\/03\/materiales.jpg","contentUrl":"https:\/\/stressadrenalina.com\/wp-content\/uploads\/2017\/03\/materiales.jpg","width":1120,"height":630},{"@type":"BreadcrumbList","@id":"https:\/\/stressadrenalina.com\/ca\/materials\/#breadcrumb","itemListElement":[{"@type":"ListItem","position":1,"name":"Portada","item":"https:\/\/stressadrenalina.com\/ca\/"},{"@type":"ListItem","position":2,"name":"Materials"}]},{"@type":"WebSite","@id":"https:\/\/stressadrenalina.com\/ca\/#website","url":"https:\/\/stressadrenalina.com\/ca\/","name":"Stress & Adrenalina","description":"Outdoor Experiences","potentialAction":[{"@type":"SearchAction","target":{"@type":"EntryPoint","urlTemplate":"https:\/\/stressadrenalina.com\/ca\/?s={search_term_string}"},"query-input":{"@type":"PropertyValueSpecification","valueRequired":true,"valueName":"search_term_string"}}],"inLanguage":"ca"}]}},"_links":{"self":[{"href":"https:\/\/stressadrenalina.com\/ca\/wp-json\/wp\/v2\/pages\/342","targetHints":{"allow":["GET"]}}],"collection":[{"href":"https:\/\/stressadrenalina.com\/ca\/wp-json\/wp\/v2\/pages"}],"about":[{"href":"https:\/\/stressadrenalina.com\/ca\/wp-json\/wp\/v2\/types\/page"}],"author":[{"embeddable":true,"href":"https:\/\/stressadrenalina.com\/ca\/wp-json\/wp\/v2\/users\/2"}],"replies":[{"embeddable":true,"href":"https:\/\/stressadrenalina.com\/ca\/wp-json\/wp\/v2\/comments?post=342"}],"version-history":[{"count":2,"href":"https:\/\/stressadrenalina.com\/ca\/wp-json\/wp\/v2\/pages\/342\/revisions"}],"predecessor-version":[{"id":910,"href":"https:\/\/stressadrenalina.com\/ca\/wp-json\/wp\/v2\/pages\/342\/revisions\/910"}],"wp:featuredmedia":[{"embeddable":true,"href":"https:\/\/stressadrenalina.com\/ca\/wp-json\/wp\/v2\/media\/839"}],"wp:attachment":[{"href":"https:\/\/stressadrenalina.com\/ca\/wp-json\/wp\/v2\/media?parent=342"}],"curies":[{"name":"wp","href":"https:\/\/api.w.org\/{rel}","templated":true}]}}