{"id":347,"date":"2017-03-15T12:31:21","date_gmt":"2017-03-15T12:31:21","guid":{"rendered":"http:\/\/stressadrenalina.com\/ca\/?page_id=347"},"modified":"2017-10-11T08:51:40","modified_gmt":"2017-10-11T08:51:40","slug":"stressadrenalina","status":"publish","type":"page","link":"https:\/\/stressadrenalina.com\/ca\/conocenos\/stressadrenalina\/","title":{"rendered":"Stress&#038;Adrenalina"},"content":{"rendered":"<p>Stress &amp; Adrenalina, neix del inter\u00e8s d&#8217;en Carles Celma per el m\u00f3n del motor, i de la seva inquietud per crear i dirigir nous projectes. L&#8217;imaginaci\u00f3 junt amb el pensament creatiu i la perseveran\u00e7a fan d&#8217;aquesta empresa, el que avui es. Una empresa dedicada a vetllar per cada client com si fos &#8220;un m\u00e9s de la fam\u00edlia&#8221;, a mimar-lo com a un nen petit, i a enamorar.lo cada dia, perqu\u00e8 quan marxi de casa nostre, ho faci amb un somriure a la boca.<br \/>\nAquest es el nostre principal objectiu, que cada persona que vingui, s&#8217;acomiadi de nosaltres amb el seu millor somriure, si es aix\u00ec, voldr\u00e0 dir que hem fet b\u00e9 la nostre feina.<\/p>\n<p>Esperem podeu con\u00e8ixer el teu millor somriure!!!<\/p>\n","protected":false},"excerpt":{"rendered":"<p>Stress &amp; Adrenalina, neix del inter\u00e8s d&#8217;en Carles Celma per el m\u00f3n del motor, i de la seva inquietud per crear i dirigir nous projectes. L&#8217;imaginaci\u00f3 junt amb el pensament creatiu i la perseveran\u00e7a fan d&#8217;aquesta empresa, el que avui es. Una empresa dedicada a vetllar per cada client com si fos &#8220;un m\u00e9s de [&hellip;]<\/p>\n","protected":false},"author":2,"featured_media":416,"parent":317,"menu_order":0,"comment_status":"closed","ping_status":"closed","template":"","meta":{"footnotes":""},"class_list":["post-347","page","type-page","status-publish","has-post-thumbnail","hentry"],"yoast_head":"<!-- This site is optimized with the Yoast SEO plugin v27.3 - https:\/\/yoast.com\/product\/yoast-seo-wordpress\/ -->\n<title>Stress&amp;Adrenalina - Stress &amp; Adrenalina<\/title>\n<meta name=\"description\" content=\"Stress &amp; Adrenalina, neix del inter\u00e8s d&#039;en Carles Celma per el m\u00f3n del motor, i de la seva inquietud per crear i dirigir nous projectes. L&#039;imaginaci\u00f3\" \/>\n<meta name=\"robots\" content=\"index, follow, max-snippet:-1, max-image-preview:large, max-video-preview:-1\" \/>\n<link rel=\"canonical\" href=\"https:\/\/stressadrenalina.com\/ca\/conocenos\/stressadrenalina\/\" \/>\n<meta property=\"og:locale\" content=\"ca_ES\" \/>\n<meta property=\"og:type\" content=\"article\" \/>\n<meta property=\"og:title\" content=\"Stress&amp;Adrenalina - Stress &amp; Adrenalina\" \/>\n<meta property=\"og:description\" content=\"Stress &amp; Adrenalina, neix del inter\u00e8s d&#039;en Carles Celma per el m\u00f3n del motor, i de la seva inquietud per crear i dirigir nous projectes. L&#039;imaginaci\u00f3\" \/>\n<meta property=\"og:url\" content=\"https:\/\/stressadrenalina.com\/ca\/conocenos\/stressadrenalina\/\" \/>\n<meta property=\"og:site_name\" content=\"Stress &amp; Adrenalina\" \/>\n<meta property=\"article:publisher\" content=\"https:\/\/www.facebook.com\/Stress-Adrenalina-SLU-307778953392\/\" \/>\n<meta property=\"article:modified_time\" content=\"2017-10-11T08:51:40+00:00\" \/>\n<meta property=\"og:image\" content=\"https:\/\/stressadrenalina.com\/wp-content\/uploads\/2017\/03\/img_0837.jpg\" \/>\n\t<meta property=\"og:image:width\" content=\"1200\" \/>\n\t<meta property=\"og:image:height\" content=\"800\" \/>\n\t<meta property=\"og:image:type\" content=\"image\/jpeg\" \/>\n<meta name=\"twitter:card\" content=\"summary_large_image\" \/>\n<meta name=\"twitter:label1\" content=\"Temps estimat de lectura\" \/>\n\t<meta name=\"twitter:data1\" content=\"1 minut\" \/>\n<script type=\"application\/ld+json\" class=\"yoast-schema-graph\">{\"@context\":\"https:\\\/\\\/schema.org\",\"@graph\":[{\"@type\":\"WebPage\",\"@id\":\"https:\\\/\\\/stressadrenalina.com\\\/ca\\\/conocenos\\\/stressadrenalina\\\/\",\"url\":\"https:\\\/\\\/stressadrenalina.com\\\/ca\\\/conocenos\\\/stressadrenalina\\\/\",\"name\":\"Stress&Adrenalina - Stress & Adrenalina\",\"isPartOf\":{\"@id\":\"https:\\\/\\\/stressadrenalina.com\\\/ca\\\/#website\"},\"primaryImageOfPage\":{\"@id\":\"https:\\\/\\\/stressadrenalina.com\\\/ca\\\/conocenos\\\/stressadrenalina\\\/#primaryimage\"},\"image\":{\"@id\":\"https:\\\/\\\/stressadrenalina.com\\\/ca\\\/conocenos\\\/stressadrenalina\\\/#primaryimage\"},\"thumbnailUrl\":\"https:\\\/\\\/stressadrenalina.com\\\/wp-content\\\/uploads\\\/2017\\\/03\\\/img_0837.jpg\",\"datePublished\":\"2017-03-15T12:31:21+00:00\",\"dateModified\":\"2017-10-11T08:51:40+00:00\",\"description\":\"Stress &amp; Adrenalina, neix del inter\u00e8s d'en Carles Celma per el m\u00f3n del motor, i de la seva inquietud per crear i dirigir nous projectes. L'imaginaci\u00f3\",\"breadcrumb\":{\"@id\":\"https:\\\/\\\/stressadrenalina.com\\\/ca\\\/conocenos\\\/stressadrenalina\\\/#breadcrumb\"},\"inLanguage\":\"ca\",\"potentialAction\":[{\"@type\":\"ReadAction\",\"target\":[\"https:\\\/\\\/stressadrenalina.com\\\/ca\\\/conocenos\\\/stressadrenalina\\\/\"]}]},{\"@type\":\"ImageObject\",\"inLanguage\":\"ca\",\"@id\":\"https:\\\/\\\/stressadrenalina.com\\\/ca\\\/conocenos\\\/stressadrenalina\\\/#primaryimage\",\"url\":\"https:\\\/\\\/stressadrenalina.com\\\/wp-content\\\/uploads\\\/2017\\\/03\\\/img_0837.jpg\",\"contentUrl\":\"https:\\\/\\\/stressadrenalina.com\\\/wp-content\\\/uploads\\\/2017\\\/03\\\/img_0837.jpg\",\"width\":1200,\"height\":800},{\"@type\":\"BreadcrumbList\",\"@id\":\"https:\\\/\\\/stressadrenalina.com\\\/ca\\\/conocenos\\\/stressadrenalina\\\/#breadcrumb\",\"itemListElement\":[{\"@type\":\"ListItem\",\"position\":1,\"name\":\"Portada\",\"item\":\"https:\\\/\\\/stressadrenalina.com\\\/ca\\\/\"},{\"@type\":\"ListItem\",\"position\":2,\"name\":\"Qui som?\",\"item\":\"https:\\\/\\\/stressadrenalina.com\\\/ca\\\/conocenos\\\/\"},{\"@type\":\"ListItem\",\"position\":3,\"name\":\"Stress&#038;Adrenalina\"}]},{\"@type\":\"WebSite\",\"@id\":\"https:\\\/\\\/stressadrenalina.com\\\/ca\\\/#website\",\"url\":\"https:\\\/\\\/stressadrenalina.com\\\/ca\\\/\",\"name\":\"Stress & Adrenalina\",\"description\":\"Outdoor Experiences\",\"potentialAction\":[{\"@type\":\"SearchAction\",\"target\":{\"@type\":\"EntryPoint\",\"urlTemplate\":\"https:\\\/\\\/stressadrenalina.com\\\/ca\\\/?s={search_term_string}\"},\"query-input\":{\"@type\":\"PropertyValueSpecification\",\"valueRequired\":true,\"valueName\":\"search_term_string\"}}],\"inLanguage\":\"ca\"}]}<\/script>\n<!-- \/ Yoast SEO plugin. -->","yoast_head_json":{"title":"Stress&Adrenalina - Stress & Adrenalina","description":"Stress &amp; Adrenalina, neix del inter\u00e8s d'en Carles Celma per el m\u00f3n del motor, i de la seva inquietud per crear i dirigir nous projectes. L'imaginaci\u00f3","robots":{"index":"index","follow":"follow","max-snippet":"max-snippet:-1","max-image-preview":"max-image-preview:large","max-video-preview":"max-video-preview:-1"},"canonical":"https:\/\/stressadrenalina.com\/ca\/conocenos\/stressadrenalina\/","og_locale":"ca_ES","og_type":"article","og_title":"Stress&Adrenalina - Stress & Adrenalina","og_description":"Stress &amp; Adrenalina, neix del inter\u00e8s d'en Carles Celma per el m\u00f3n del motor, i de la seva inquietud per crear i dirigir nous projectes. L'imaginaci\u00f3","og_url":"https:\/\/stressadrenalina.com\/ca\/conocenos\/stressadrenalina\/","og_site_name":"Stress & Adrenalina","article_publisher":"https:\/\/www.facebook.com\/Stress-Adrenalina-SLU-307778953392\/","article_modified_time":"2017-10-11T08:51:40+00:00","og_image":[{"width":1200,"height":800,"url":"https:\/\/stressadrenalina.com\/wp-content\/uploads\/2017\/03\/img_0837.jpg","type":"image\/jpeg"}],"twitter_card":"summary_large_image","twitter_misc":{"Temps estimat de lectura":"1 minut"},"schema":{"@context":"https:\/\/schema.org","@graph":[{"@type":"WebPage","@id":"https:\/\/stressadrenalina.com\/ca\/conocenos\/stressadrenalina\/","url":"https:\/\/stressadrenalina.com\/ca\/conocenos\/stressadrenalina\/","name":"Stress&Adrenalina - Stress & Adrenalina","isPartOf":{"@id":"https:\/\/stressadrenalina.com\/ca\/#website"},"primaryImageOfPage":{"@id":"https:\/\/stressadrenalina.com\/ca\/conocenos\/stressadrenalina\/#primaryimage"},"image":{"@id":"https:\/\/stressadrenalina.com\/ca\/conocenos\/stressadrenalina\/#primaryimage"},"thumbnailUrl":"https:\/\/stressadrenalina.com\/wp-content\/uploads\/2017\/03\/img_0837.jpg","datePublished":"2017-03-15T12:31:21+00:00","dateModified":"2017-10-11T08:51:40+00:00","description":"Stress &amp; Adrenalina, neix del inter\u00e8s d'en Carles Celma per el m\u00f3n del motor, i de la seva inquietud per crear i dirigir nous projectes. L'imaginaci\u00f3","breadcrumb":{"@id":"https:\/\/stressadrenalina.com\/ca\/conocenos\/stressadrenalina\/#breadcrumb"},"inLanguage":"ca","potentialAction":[{"@type":"ReadAction","target":["https:\/\/stressadrenalina.com\/ca\/conocenos\/stressadrenalina\/"]}]},{"@type":"ImageObject","inLanguage":"ca","@id":"https:\/\/stressadrenalina.com\/ca\/conocenos\/stressadrenalina\/#primaryimage","url":"https:\/\/stressadrenalina.com\/wp-content\/uploads\/2017\/03\/img_0837.jpg","contentUrl":"https:\/\/stressadrenalina.com\/wp-content\/uploads\/2017\/03\/img_0837.jpg","width":1200,"height":800},{"@type":"BreadcrumbList","@id":"https:\/\/stressadrenalina.com\/ca\/conocenos\/stressadrenalina\/#breadcrumb","itemListElement":[{"@type":"ListItem","position":1,"name":"Portada","item":"https:\/\/stressadrenalina.com\/ca\/"},{"@type":"ListItem","position":2,"name":"Qui som?","item":"https:\/\/stressadrenalina.com\/ca\/conocenos\/"},{"@type":"ListItem","position":3,"name":"Stress&#038;Adrenalina"}]},{"@type":"WebSite","@id":"https:\/\/stressadrenalina.com\/ca\/#website","url":"https:\/\/stressadrenalina.com\/ca\/","name":"Stress & Adrenalina","description":"Outdoor Experiences","potentialAction":[{"@type":"SearchAction","target":{"@type":"EntryPoint","urlTemplate":"https:\/\/stressadrenalina.com\/ca\/?s={search_term_string}"},"query-input":{"@type":"PropertyValueSpecification","valueRequired":true,"valueName":"search_term_string"}}],"inLanguage":"ca"}]}},"_links":{"self":[{"href":"https:\/\/stressadrenalina.com\/ca\/wp-json\/wp\/v2\/pages\/347","targetHints":{"allow":["GET"]}}],"collection":[{"href":"https:\/\/stressadrenalina.com\/ca\/wp-json\/wp\/v2\/pages"}],"about":[{"href":"https:\/\/stressadrenalina.com\/ca\/wp-json\/wp\/v2\/types\/page"}],"author":[{"embeddable":true,"href":"https:\/\/stressadrenalina.com\/ca\/wp-json\/wp\/v2\/users\/2"}],"replies":[{"embeddable":true,"href":"https:\/\/stressadrenalina.com\/ca\/wp-json\/wp\/v2\/comments?post=347"}],"version-history":[{"count":3,"href":"https:\/\/stressadrenalina.com\/ca\/wp-json\/wp\/v2\/pages\/347\/revisions"}],"predecessor-version":[{"id":912,"href":"https:\/\/stressadrenalina.com\/ca\/wp-json\/wp\/v2\/pages\/347\/revisions\/912"}],"up":[{"embeddable":true,"href":"https:\/\/stressadrenalina.com\/ca\/wp-json\/wp\/v2\/pages\/317"}],"wp:featuredmedia":[{"embeddable":true,"href":"https:\/\/stressadrenalina.com\/ca\/wp-json\/wp\/v2\/media\/416"}],"wp:attachment":[{"href":"https:\/\/stressadrenalina.com\/ca\/wp-json\/wp\/v2\/media?parent=347"}],"curies":[{"name":"wp","href":"https:\/\/api.w.org\/{rel}","templated":true}]}}