{"id":375,"date":"2017-03-16T08:41:17","date_gmt":"2017-03-16T08:41:17","guid":{"rendered":"http:\/\/stressadrenalina.com\/ca\/?page_id=375"},"modified":"2021-09-16T12:37:02","modified_gmt":"2021-09-16T10:37:02","slug":"situacion","status":"publish","type":"page","link":"https:\/\/stressadrenalina.com\/ca\/situacion\/","title":{"rendered":"Situaci\u00f3"},"content":{"rendered":"<h2>Stress &amp; Adrenalina<\/h2>\n<p>Les nostres instal\u00b7lacions es troben a Sant Sadurn\u00ed d&#8217;Anoia.<\/p>\n<p>Disposem d\u00b4un espai privat, especialment adaptat pel desenvolupament d\u00b4activitats outdoor , jornades de team building, programes d\u00b4incentius i cursos de de conducci\u00f3 de vehicles 4&#215;4, tot a 20 min de Bcn.<\/p>\n<p>\u00c0rea de 25.000 m2 totalment integrada en un espai natural on organitzar el seu event.<\/p>\n<p>Circuit de conducci\u00f3 4&#215;4 extrem, circuit de quads, circuit d\u00b4aventura, \u00e0rea de team building, zones de leaderschip, espais per a la restauraci\u00f3, xalet de fusta amb aula per a capacitat a 40 persones, serveis.<\/p>\n<p>Fem servir diferents espais per realitzar els nostres esdeveniments: Circuits de velocitat, platges del nostre litoral, caves o bodegues de la comarca, lloc d\u2019inter\u00e8s cultural i paisatg\u00edstic, recintes privats&#8230;<\/p>\n<p><strong>Com arribar des de Barcelona en transport p\u00fablic:<\/strong><\/p>\n<p><strong>Renfe Rodalies R4<\/strong><\/p>\n<p>Tren amb destinaci\u00f3 a Sant Vicents de Calders amb parada a Sant Sadurn\u00ed d&#8217;Anoia.<\/p>\n<p>Sortides des de Pl. Catalunya, Arc de Triomf, Sants&#8230;.<\/p>\n<p>Opci\u00f3 de recollida per part de l&#8217;organitzaci\u00f3 en la mateixa estaci\u00f3 de tren.<\/p>\n<p>\u00c9S NECESSARI RESERVAR AMB ANTELACI\u00d3<\/p>\n<p>Tel oficina: 93 8183650<\/p>\n<p>Tel m\u00f2bil: 658919932<\/p>\n<p>&nbsp;<\/p>\n","protected":false},"excerpt":{"rendered":"<p>Stress &amp; Adrenalina Les nostres instal\u00b7lacions es troben a Sant Sadurn\u00ed d&#8217;Anoia. Disposem d\u00b4un espai privat, especialment adaptat pel desenvolupament d\u00b4activitats outdoor , jornades de team building, programes d\u00b4incentius i cursos de de conducci\u00f3 de vehicles 4&#215;4, tot a 20 min de Bcn. \u00c0rea de 25.000 m2 totalment integrada en un espai natural on organitzar [&hellip;]<\/p>\n","protected":false},"author":2,"featured_media":452,"parent":0,"menu_order":0,"comment_status":"closed","ping_status":"closed","template":"","meta":{"footnotes":""},"class_list":["post-375","page","type-page","status-publish","has-post-thumbnail","hentry"],"yoast_head":"<!-- This site is optimized with the Yoast SEO plugin v27.3 - https:\/\/yoast.com\/product\/yoast-seo-wordpress\/ -->\n<title>Situaci\u00f3 - Stress &amp; Adrenalina<\/title>\n<meta name=\"description\" content=\"Stress &amp; Adrenalina Les nostres instal\u00b7lacions es troben a Sant Sadurn\u00ed d&#039;Anoia. Disposem d\u00b4un espai privat, especialment adaptat pel desenvolupament\" \/>\n<meta name=\"robots\" content=\"index, follow, max-snippet:-1, max-image-preview:large, max-video-preview:-1\" \/>\n<link rel=\"canonical\" href=\"https:\/\/stressadrenalina.com\/ca\/situacion\/\" \/>\n<meta property=\"og:locale\" content=\"ca_ES\" \/>\n<meta property=\"og:type\" content=\"article\" \/>\n<meta property=\"og:title\" content=\"Situaci\u00f3 - Stress &amp; Adrenalina\" \/>\n<meta property=\"og:description\" content=\"Stress &amp; Adrenalina Les nostres instal\u00b7lacions es troben a Sant Sadurn\u00ed d&#039;Anoia. Disposem d\u00b4un espai privat, especialment adaptat pel desenvolupament\" \/>\n<meta property=\"og:url\" content=\"https:\/\/stressadrenalina.com\/ca\/situacion\/\" \/>\n<meta property=\"og:site_name\" content=\"Stress &amp; Adrenalina\" \/>\n<meta property=\"article:publisher\" content=\"https:\/\/www.facebook.com\/Stress-Adrenalina-SLU-307778953392\/\" \/>\n<meta property=\"article:modified_time\" content=\"2021-09-16T10:37:02+00:00\" \/>\n<meta property=\"og:image\" content=\"https:\/\/stressadrenalina.com\/wp-content\/uploads\/2017\/03\/instalaciones.jpg\" \/>\n\t<meta property=\"og:image:width\" content=\"1120\" \/>\n\t<meta property=\"og:image:height\" content=\"465\" \/>\n\t<meta property=\"og:image:type\" content=\"image\/jpeg\" \/>\n<meta name=\"twitter:card\" content=\"summary_large_image\" \/>\n<meta name=\"twitter:label1\" content=\"Temps estimat de lectura\" \/>\n\t<meta name=\"twitter:data1\" content=\"1 minut\" \/>\n<script type=\"application\/ld+json\" class=\"yoast-schema-graph\">{\"@context\":\"https:\\\/\\\/schema.org\",\"@graph\":[{\"@type\":\"WebPage\",\"@id\":\"https:\\\/\\\/stressadrenalina.com\\\/ca\\\/situacion\\\/\",\"url\":\"https:\\\/\\\/stressadrenalina.com\\\/ca\\\/situacion\\\/\",\"name\":\"Situaci\u00f3 - Stress & Adrenalina\",\"isPartOf\":{\"@id\":\"https:\\\/\\\/stressadrenalina.com\\\/ca\\\/#website\"},\"primaryImageOfPage\":{\"@id\":\"https:\\\/\\\/stressadrenalina.com\\\/ca\\\/situacion\\\/#primaryimage\"},\"image\":{\"@id\":\"https:\\\/\\\/stressadrenalina.com\\\/ca\\\/situacion\\\/#primaryimage\"},\"thumbnailUrl\":\"https:\\\/\\\/stressadrenalina.com\\\/wp-content\\\/uploads\\\/2017\\\/03\\\/instalaciones.jpg\",\"datePublished\":\"2017-03-16T08:41:17+00:00\",\"dateModified\":\"2021-09-16T10:37:02+00:00\",\"description\":\"Stress &amp; Adrenalina Les nostres instal\u00b7lacions es troben a Sant Sadurn\u00ed d'Anoia. Disposem d\u00b4un espai privat, especialment adaptat pel desenvolupament\",\"breadcrumb\":{\"@id\":\"https:\\\/\\\/stressadrenalina.com\\\/ca\\\/situacion\\\/#breadcrumb\"},\"inLanguage\":\"ca\",\"potentialAction\":[{\"@type\":\"ReadAction\",\"target\":[\"https:\\\/\\\/stressadrenalina.com\\\/ca\\\/situacion\\\/\"]}]},{\"@type\":\"ImageObject\",\"inLanguage\":\"ca\",\"@id\":\"https:\\\/\\\/stressadrenalina.com\\\/ca\\\/situacion\\\/#primaryimage\",\"url\":\"https:\\\/\\\/stressadrenalina.com\\\/wp-content\\\/uploads\\\/2017\\\/03\\\/instalaciones.jpg\",\"contentUrl\":\"https:\\\/\\\/stressadrenalina.com\\\/wp-content\\\/uploads\\\/2017\\\/03\\\/instalaciones.jpg\",\"width\":1120,\"height\":465},{\"@type\":\"BreadcrumbList\",\"@id\":\"https:\\\/\\\/stressadrenalina.com\\\/ca\\\/situacion\\\/#breadcrumb\",\"itemListElement\":[{\"@type\":\"ListItem\",\"position\":1,\"name\":\"Portada\",\"item\":\"https:\\\/\\\/stressadrenalina.com\\\/ca\\\/\"},{\"@type\":\"ListItem\",\"position\":2,\"name\":\"Situaci\u00f3\"}]},{\"@type\":\"WebSite\",\"@id\":\"https:\\\/\\\/stressadrenalina.com\\\/ca\\\/#website\",\"url\":\"https:\\\/\\\/stressadrenalina.com\\\/ca\\\/\",\"name\":\"Stress & Adrenalina\",\"description\":\"Outdoor Experiences\",\"potentialAction\":[{\"@type\":\"SearchAction\",\"target\":{\"@type\":\"EntryPoint\",\"urlTemplate\":\"https:\\\/\\\/stressadrenalina.com\\\/ca\\\/?s={search_term_string}\"},\"query-input\":{\"@type\":\"PropertyValueSpecification\",\"valueRequired\":true,\"valueName\":\"search_term_string\"}}],\"inLanguage\":\"ca\"}]}<\/script>\n<!-- \/ Yoast SEO plugin. -->","yoast_head_json":{"title":"Situaci\u00f3 - Stress & Adrenalina","description":"Stress &amp; Adrenalina Les nostres instal\u00b7lacions es troben a Sant Sadurn\u00ed d'Anoia. Disposem d\u00b4un espai privat, especialment adaptat pel desenvolupament","robots":{"index":"index","follow":"follow","max-snippet":"max-snippet:-1","max-image-preview":"max-image-preview:large","max-video-preview":"max-video-preview:-1"},"canonical":"https:\/\/stressadrenalina.com\/ca\/situacion\/","og_locale":"ca_ES","og_type":"article","og_title":"Situaci\u00f3 - Stress & Adrenalina","og_description":"Stress &amp; Adrenalina Les nostres instal\u00b7lacions es troben a Sant Sadurn\u00ed d'Anoia. Disposem d\u00b4un espai privat, especialment adaptat pel desenvolupament","og_url":"https:\/\/stressadrenalina.com\/ca\/situacion\/","og_site_name":"Stress & Adrenalina","article_publisher":"https:\/\/www.facebook.com\/Stress-Adrenalina-SLU-307778953392\/","article_modified_time":"2021-09-16T10:37:02+00:00","og_image":[{"width":1120,"height":465,"url":"https:\/\/stressadrenalina.com\/wp-content\/uploads\/2017\/03\/instalaciones.jpg","type":"image\/jpeg"}],"twitter_card":"summary_large_image","twitter_misc":{"Temps estimat de lectura":"1 minut"},"schema":{"@context":"https:\/\/schema.org","@graph":[{"@type":"WebPage","@id":"https:\/\/stressadrenalina.com\/ca\/situacion\/","url":"https:\/\/stressadrenalina.com\/ca\/situacion\/","name":"Situaci\u00f3 - Stress & Adrenalina","isPartOf":{"@id":"https:\/\/stressadrenalina.com\/ca\/#website"},"primaryImageOfPage":{"@id":"https:\/\/stressadrenalina.com\/ca\/situacion\/#primaryimage"},"image":{"@id":"https:\/\/stressadrenalina.com\/ca\/situacion\/#primaryimage"},"thumbnailUrl":"https:\/\/stressadrenalina.com\/wp-content\/uploads\/2017\/03\/instalaciones.jpg","datePublished":"2017-03-16T08:41:17+00:00","dateModified":"2021-09-16T10:37:02+00:00","description":"Stress &amp; Adrenalina Les nostres instal\u00b7lacions es troben a Sant Sadurn\u00ed d'Anoia. Disposem d\u00b4un espai privat, especialment adaptat pel desenvolupament","breadcrumb":{"@id":"https:\/\/stressadrenalina.com\/ca\/situacion\/#breadcrumb"},"inLanguage":"ca","potentialAction":[{"@type":"ReadAction","target":["https:\/\/stressadrenalina.com\/ca\/situacion\/"]}]},{"@type":"ImageObject","inLanguage":"ca","@id":"https:\/\/stressadrenalina.com\/ca\/situacion\/#primaryimage","url":"https:\/\/stressadrenalina.com\/wp-content\/uploads\/2017\/03\/instalaciones.jpg","contentUrl":"https:\/\/stressadrenalina.com\/wp-content\/uploads\/2017\/03\/instalaciones.jpg","width":1120,"height":465},{"@type":"BreadcrumbList","@id":"https:\/\/stressadrenalina.com\/ca\/situacion\/#breadcrumb","itemListElement":[{"@type":"ListItem","position":1,"name":"Portada","item":"https:\/\/stressadrenalina.com\/ca\/"},{"@type":"ListItem","position":2,"name":"Situaci\u00f3"}]},{"@type":"WebSite","@id":"https:\/\/stressadrenalina.com\/ca\/#website","url":"https:\/\/stressadrenalina.com\/ca\/","name":"Stress & Adrenalina","description":"Outdoor Experiences","potentialAction":[{"@type":"SearchAction","target":{"@type":"EntryPoint","urlTemplate":"https:\/\/stressadrenalina.com\/ca\/?s={search_term_string}"},"query-input":{"@type":"PropertyValueSpecification","valueRequired":true,"valueName":"search_term_string"}}],"inLanguage":"ca"}]}},"_links":{"self":[{"href":"https:\/\/stressadrenalina.com\/ca\/wp-json\/wp\/v2\/pages\/375","targetHints":{"allow":["GET"]}}],"collection":[{"href":"https:\/\/stressadrenalina.com\/ca\/wp-json\/wp\/v2\/pages"}],"about":[{"href":"https:\/\/stressadrenalina.com\/ca\/wp-json\/wp\/v2\/types\/page"}],"author":[{"embeddable":true,"href":"https:\/\/stressadrenalina.com\/ca\/wp-json\/wp\/v2\/users\/2"}],"replies":[{"embeddable":true,"href":"https:\/\/stressadrenalina.com\/ca\/wp-json\/wp\/v2\/comments?post=375"}],"version-history":[{"count":4,"href":"https:\/\/stressadrenalina.com\/ca\/wp-json\/wp\/v2\/pages\/375\/revisions"}],"predecessor-version":[{"id":3242,"href":"https:\/\/stressadrenalina.com\/ca\/wp-json\/wp\/v2\/pages\/375\/revisions\/3242"}],"wp:featuredmedia":[{"embeddable":true,"href":"https:\/\/stressadrenalina.com\/ca\/wp-json\/wp\/v2\/media\/452"}],"wp:attachment":[{"href":"https:\/\/stressadrenalina.com\/ca\/wp-json\/wp\/v2\/media?parent=375"}],"curies":[{"name":"wp","href":"https:\/\/api.w.org\/{rel}","templated":true}]}}