{"id":418,"date":"2017-03-16T10:26:56","date_gmt":"2017-03-16T10:26:56","guid":{"rendered":"http:\/\/stressadrenalina.com\/ca\/?page_id=418"},"modified":"2017-03-16T10:26:56","modified_gmt":"2017-03-16T10:26:56","slug":"construccio-de-circuits-offroad","status":"publish","type":"page","link":"https:\/\/stressadrenalina.com\/ca\/construccio-de-circuits-offroad\/","title":{"rendered":"Construcci\u00f3 de circuits OffRoad"},"content":{"rendered":"<p>Circuit 4&#215;4 permanent de Idiada, per la presentaci\u00f3 mundial per dealers del Volkswagen Touareg.<\/p>\n<p>Circuit 4&#215;4 de Jerez amb motiu de la presentaci\u00f3 mundial del nou Porsche Cayenne.<\/p>\n<p>Circuit permanent tot terreny a Bauscheim (Frankfurt) per a ADAC.<\/p>\n<p>Circuit de conducci\u00f3 trial 4&#215;4 extreme Stress &#038; Adrenalina, a Sant Sadurn\u00ed d\u2019Anoia.<\/p>\n","protected":false},"excerpt":{"rendered":"<p>Circuit 4&#215;4 permanent de Idiada, per la presentaci\u00f3 mundial per dealers del Volkswagen Touareg. Circuit 4&#215;4 de Jerez amb motiu de la presentaci\u00f3 mundial del nou Porsche Cayenne. Circuit permanent tot terreny a Bauscheim (Frankfurt) per a ADAC. Circuit de conducci\u00f3 trial 4&#215;4 extreme Stress &#038; Adrenalina, a Sant Sadurn\u00ed d\u2019Anoia.<\/p>\n","protected":false},"author":2,"featured_media":0,"parent":0,"menu_order":0,"comment_status":"closed","ping_status":"closed","template":"","meta":{"footnotes":""},"class_list":["post-418","page","type-page","status-publish","hentry"],"yoast_head":"<!-- This site is optimized with the Yoast SEO plugin v27.3 - https:\/\/yoast.com\/product\/yoast-seo-wordpress\/ -->\n<title>Construcci\u00f3 de circuits OffRoad - Stress &amp; Adrenalina<\/title>\n<meta name=\"description\" content=\"Circuit 4x4 permanent de Idiada, per la presentaci\u00f3 mundial per dealers del Volkswagen Touareg. Circuit 4x4 de Jerez amb motiu de la presentaci\u00f3 mundial\" \/>\n<meta name=\"robots\" content=\"index, follow, max-snippet:-1, max-image-preview:large, max-video-preview:-1\" \/>\n<link rel=\"canonical\" href=\"https:\/\/stressadrenalina.com\/ca\/construccio-de-circuits-offroad\/\" \/>\n<meta property=\"og:locale\" content=\"ca_ES\" \/>\n<meta property=\"og:type\" content=\"article\" \/>\n<meta property=\"og:title\" content=\"Construcci\u00f3 de circuits OffRoad - Stress &amp; Adrenalina\" \/>\n<meta property=\"og:description\" content=\"Circuit 4x4 permanent de Idiada, per la presentaci\u00f3 mundial per dealers del Volkswagen Touareg. Circuit 4x4 de Jerez amb motiu de la presentaci\u00f3 mundial\" \/>\n<meta property=\"og:url\" content=\"https:\/\/stressadrenalina.com\/ca\/construccio-de-circuits-offroad\/\" \/>\n<meta property=\"og:site_name\" content=\"Stress &amp; Adrenalina\" \/>\n<meta property=\"article:publisher\" content=\"https:\/\/www.facebook.com\/Stress-Adrenalina-SLU-307778953392\/\" \/>\n<meta property=\"og:image\" content=\"https:\/\/stressadrenalina.com\/wp-content\/uploads\/2017\/06\/favicon.png\" \/>\n\t<meta property=\"og:image:width\" content=\"512\" \/>\n\t<meta property=\"og:image:height\" content=\"512\" \/>\n\t<meta property=\"og:image:type\" content=\"image\/png\" \/>\n<meta name=\"twitter:card\" content=\"summary_large_image\" \/>\n<script type=\"application\/ld+json\" class=\"yoast-schema-graph\">{\"@context\":\"https:\\\/\\\/schema.org\",\"@graph\":[{\"@type\":\"WebPage\",\"@id\":\"https:\\\/\\\/stressadrenalina.com\\\/ca\\\/construccio-de-circuits-offroad\\\/\",\"url\":\"https:\\\/\\\/stressadrenalina.com\\\/ca\\\/construccio-de-circuits-offroad\\\/\",\"name\":\"Construcci\u00f3 de circuits OffRoad - Stress & Adrenalina\",\"isPartOf\":{\"@id\":\"https:\\\/\\\/stressadrenalina.com\\\/ca\\\/#website\"},\"datePublished\":\"2017-03-16T10:26:56+00:00\",\"description\":\"Circuit 4x4 permanent de Idiada, per la presentaci\u00f3 mundial per dealers del Volkswagen Touareg. Circuit 4x4 de Jerez amb motiu de la presentaci\u00f3 mundial\",\"breadcrumb\":{\"@id\":\"https:\\\/\\\/stressadrenalina.com\\\/ca\\\/construccio-de-circuits-offroad\\\/#breadcrumb\"},\"inLanguage\":\"ca\",\"potentialAction\":[{\"@type\":\"ReadAction\",\"target\":[\"https:\\\/\\\/stressadrenalina.com\\\/ca\\\/construccio-de-circuits-offroad\\\/\"]}]},{\"@type\":\"BreadcrumbList\",\"@id\":\"https:\\\/\\\/stressadrenalina.com\\\/ca\\\/construccio-de-circuits-offroad\\\/#breadcrumb\",\"itemListElement\":[{\"@type\":\"ListItem\",\"position\":1,\"name\":\"Portada\",\"item\":\"https:\\\/\\\/stressadrenalina.com\\\/ca\\\/\"},{\"@type\":\"ListItem\",\"position\":2,\"name\":\"Construcci\u00f3 de circuits OffRoad\"}]},{\"@type\":\"WebSite\",\"@id\":\"https:\\\/\\\/stressadrenalina.com\\\/ca\\\/#website\",\"url\":\"https:\\\/\\\/stressadrenalina.com\\\/ca\\\/\",\"name\":\"Stress & Adrenalina\",\"description\":\"Outdoor Experiences\",\"potentialAction\":[{\"@type\":\"SearchAction\",\"target\":{\"@type\":\"EntryPoint\",\"urlTemplate\":\"https:\\\/\\\/stressadrenalina.com\\\/ca\\\/?s={search_term_string}\"},\"query-input\":{\"@type\":\"PropertyValueSpecification\",\"valueRequired\":true,\"valueName\":\"search_term_string\"}}],\"inLanguage\":\"ca\"}]}<\/script>\n<!-- \/ Yoast SEO plugin. -->","yoast_head_json":{"title":"Construcci\u00f3 de circuits OffRoad - Stress & Adrenalina","description":"Circuit 4x4 permanent de Idiada, per la presentaci\u00f3 mundial per dealers del Volkswagen Touareg. Circuit 4x4 de Jerez amb motiu de la presentaci\u00f3 mundial","robots":{"index":"index","follow":"follow","max-snippet":"max-snippet:-1","max-image-preview":"max-image-preview:large","max-video-preview":"max-video-preview:-1"},"canonical":"https:\/\/stressadrenalina.com\/ca\/construccio-de-circuits-offroad\/","og_locale":"ca_ES","og_type":"article","og_title":"Construcci\u00f3 de circuits OffRoad - Stress & Adrenalina","og_description":"Circuit 4x4 permanent de Idiada, per la presentaci\u00f3 mundial per dealers del Volkswagen Touareg. Circuit 4x4 de Jerez amb motiu de la presentaci\u00f3 mundial","og_url":"https:\/\/stressadrenalina.com\/ca\/construccio-de-circuits-offroad\/","og_site_name":"Stress & Adrenalina","article_publisher":"https:\/\/www.facebook.com\/Stress-Adrenalina-SLU-307778953392\/","og_image":[{"width":512,"height":512,"url":"https:\/\/stressadrenalina.com\/wp-content\/uploads\/2017\/06\/favicon.png","type":"image\/png"}],"twitter_card":"summary_large_image","schema":{"@context":"https:\/\/schema.org","@graph":[{"@type":"WebPage","@id":"https:\/\/stressadrenalina.com\/ca\/construccio-de-circuits-offroad\/","url":"https:\/\/stressadrenalina.com\/ca\/construccio-de-circuits-offroad\/","name":"Construcci\u00f3 de circuits OffRoad - Stress & Adrenalina","isPartOf":{"@id":"https:\/\/stressadrenalina.com\/ca\/#website"},"datePublished":"2017-03-16T10:26:56+00:00","description":"Circuit 4x4 permanent de Idiada, per la presentaci\u00f3 mundial per dealers del Volkswagen Touareg. Circuit 4x4 de Jerez amb motiu de la presentaci\u00f3 mundial","breadcrumb":{"@id":"https:\/\/stressadrenalina.com\/ca\/construccio-de-circuits-offroad\/#breadcrumb"},"inLanguage":"ca","potentialAction":[{"@type":"ReadAction","target":["https:\/\/stressadrenalina.com\/ca\/construccio-de-circuits-offroad\/"]}]},{"@type":"BreadcrumbList","@id":"https:\/\/stressadrenalina.com\/ca\/construccio-de-circuits-offroad\/#breadcrumb","itemListElement":[{"@type":"ListItem","position":1,"name":"Portada","item":"https:\/\/stressadrenalina.com\/ca\/"},{"@type":"ListItem","position":2,"name":"Construcci\u00f3 de circuits OffRoad"}]},{"@type":"WebSite","@id":"https:\/\/stressadrenalina.com\/ca\/#website","url":"https:\/\/stressadrenalina.com\/ca\/","name":"Stress & Adrenalina","description":"Outdoor Experiences","potentialAction":[{"@type":"SearchAction","target":{"@type":"EntryPoint","urlTemplate":"https:\/\/stressadrenalina.com\/ca\/?s={search_term_string}"},"query-input":{"@type":"PropertyValueSpecification","valueRequired":true,"valueName":"search_term_string"}}],"inLanguage":"ca"}]}},"_links":{"self":[{"href":"https:\/\/stressadrenalina.com\/ca\/wp-json\/wp\/v2\/pages\/418","targetHints":{"allow":["GET"]}}],"collection":[{"href":"https:\/\/stressadrenalina.com\/ca\/wp-json\/wp\/v2\/pages"}],"about":[{"href":"https:\/\/stressadrenalina.com\/ca\/wp-json\/wp\/v2\/types\/page"}],"author":[{"embeddable":true,"href":"https:\/\/stressadrenalina.com\/ca\/wp-json\/wp\/v2\/users\/2"}],"replies":[{"embeddable":true,"href":"https:\/\/stressadrenalina.com\/ca\/wp-json\/wp\/v2\/comments?post=418"}],"version-history":[{"count":1,"href":"https:\/\/stressadrenalina.com\/ca\/wp-json\/wp\/v2\/pages\/418\/revisions"}],"predecessor-version":[{"id":419,"href":"https:\/\/stressadrenalina.com\/ca\/wp-json\/wp\/v2\/pages\/418\/revisions\/419"}],"wp:attachment":[{"href":"https:\/\/stressadrenalina.com\/ca\/wp-json\/wp\/v2\/media?parent=418"}],"curies":[{"name":"wp","href":"https:\/\/api.w.org\/{rel}","templated":true}]}}